{"id":2057,"date":"2021-08-01T10:18:52","date_gmt":"2021-08-01T10:18:52","guid":{"rendered":"http:\/\/visimatic.cz\/?page_id=2057"},"modified":"2023-07-15T11:16:58","modified_gmt":"2023-07-15T11:16:58","slug":"blog","status":"publish","type":"page","link":"https:\/\/visimatic.cz\/en\/blog\/","title":{"rendered":"Blog"},"content":{"rendered":"<div data-elementor-type=\"wp-page\" data-elementor-id=\"2057\" class=\"elementor elementor-2057\">\n\t\t\t\t\t\t<section class=\"elementor-section elementor-top-section elementor-element elementor-element-b52bf74 elementor-section-full_width elementor-section-stretched elementor-section-height-default elementor-section-height-default\" data-id=\"b52bf74\" data-element_type=\"section\" data-settings=\"{&quot;stretch_section&quot;:&quot;section-stretched&quot;}\">\n\t\t\t\t\t\t<div class=\"elementor-container elementor-column-gap-default\">\n\t\t\t\t\t<div class=\"elementor-column elementor-col-16 elementor-top-column elementor-element elementor-element-0c995bc\" data-id=\"0c995bc\" data-element_type=\"column\">\n\t\t\t<div class=\"elementor-widget-wrap\">\n\t\t\t\t\t\t\t<\/div>\n\t\t<\/div>\n\t\t\t\t<div class=\"elementor-column elementor-col-66 elementor-top-column elementor-element elementor-element-f070429\" data-id=\"f070429\" data-element_type=\"column\">\n\t\t\t<div class=\"elementor-widget-wrap elementor-element-populated\">\n\t\t\t\t\t\t<div class=\"elementor-element elementor-element-bcec7c8 elementor-widget elementor-widget-spacer\" data-id=\"bcec7c8\" data-element_type=\"widget\" data-widget_type=\"spacer.default\">\n\t\t\t\t<div class=\"elementor-widget-container\">\n\t\t\t\t\t\t\t<div class=\"elementor-spacer\">\n\t\t\t<div class=\"elementor-spacer-inner\"><\/div>\n\t\t<\/div>\n\t\t\t\t\t\t<\/div>\n\t\t\t\t<\/div>\n\t\t\t\t<div class=\"elementor-element elementor-element-476bcf0 elementor-widget elementor-widget-post_layouts\" data-id=\"476bcf0\" data-element_type=\"widget\" data-widget_type=\"post_layouts.default\">\n\t\t\t\t<div class=\"elementor-widget-container\">\n\t\t\t\t\t<div class=\"row\"><div class=\"col-md-12\"><div class=\"theimran-post-layout-one row\"><div class=\"theimran-post-layout-one__thumbnail col-md-6 pl-0 pr-3\">\t\t\t<a href=\"https:\/\/visimatic.cz\/en\/zaruka-elektromobilita\/\"><\/a>\r\n\t\t\t<\/div><div class=\"theimran-post-layout-one__content-wrapper col-md-6\">\t\t\t<div class=\"theimran-post-layout-one__title\">\r\n\t\t\t\t<h3><a href=\"https:\/\/visimatic.cz\/en\/zaruka-elektromobilita\/\">Dota\u010dn\u00ed program &#8211; Z\u00e1ruka Elektromobilita<\/a><\/h3>\r\n\t\t\t<\/div>\r\n\t\t\t\t\t<div class=\"theimran-post-layout-one__excerpt\">\r\n\t\t\t\t<p>\r\n\t\t\t\t\tPo\u0159\u00edzen\u00ed firemn\u00edho elektromobilu v r\u00e1mci dota\u010dn\u00edho programu Z\u00e1ruka Elektromobilita: Krok k udr\u017eitelnosti a efektivit\u011b V dne\u0161n\u00ed dob\u011b, kdy se st\u00e1le v\u00edce podnik\u016f\t\t\t\t<\/p>\r\n\t\t\t<\/div>\r\n\t\t\t\t<div class=\"theimran-post-layout-one__read-more\">\r\n\t\t\t<a href=\"https:\/\/visimatic.cz\/en\/zaruka-elektromobilita\/\">Show more<\/a>\r\n\t\t<\/div>\r\n\t\t<\/div><\/div><\/div><div class=\"col-md-12\"><div class=\"theimran-post-layout-one row\"><div class=\"theimran-post-layout-one__thumbnail col-md-6 pl-0 pr-3\">\t\t\t<a href=\"https:\/\/visimatic.cz\/en\/ocr-s-neuronovou-siti\/\"><img fetchpriority=\"high\" decoding=\"async\" width=\"768\" height=\"224\" src=\"https:\/\/visimatic.cz\/wp-content\/uploads\/2023\/07\/ndhrMJxenv-768x224.png\" class=\"attachment-medium_large size-medium_large wp-post-image\" alt=\"Optical character recognition using deep learning neural network.\" srcset=\"https:\/\/visimatic.cz\/wp-content\/uploads\/2023\/07\/ndhrMJxenv-768x224.png 768w, https:\/\/visimatic.cz\/wp-content\/uploads\/2023\/07\/ndhrMJxenv-300x87.png 300w, https:\/\/visimatic.cz\/wp-content\/uploads\/2023\/07\/ndhrMJxenv-1024x298.png 1024w, https:\/\/visimatic.cz\/wp-content\/uploads\/2023\/07\/ndhrMJxenv-1536x447.png 1536w, https:\/\/visimatic.cz\/wp-content\/uploads\/2023\/07\/ndhrMJxenv-18x5.png 18w, https:\/\/visimatic.cz\/wp-content\/uploads\/2023\/07\/ndhrMJxenv-1000x291.png 1000w, https:\/\/visimatic.cz\/wp-content\/uploads\/2023\/07\/ndhrMJxenv-230x67.png 230w, https:\/\/visimatic.cz\/wp-content\/uploads\/2023\/07\/ndhrMJxenv-350x102.png 350w, https:\/\/visimatic.cz\/wp-content\/uploads\/2023\/07\/ndhrMJxenv-480x140.png 480w, https:\/\/visimatic.cz\/wp-content\/uploads\/2023\/07\/ndhrMJxenv-600x175.png 600w, https:\/\/visimatic.cz\/wp-content\/uploads\/2023\/07\/ndhrMJxenv-1920x559.png 1920w, https:\/\/visimatic.cz\/wp-content\/uploads\/2023\/07\/ndhrMJxenv.png 1948w\" sizes=\"(max-width: 768px) 100vw, 768px\" title=\"\"><\/a>\r\n\t\t\t<\/div><div class=\"theimran-post-layout-one__content-wrapper col-md-6\">\t\t\t<div class=\"theimran-post-layout-one__title\">\r\n\t\t\t\t<h3><a href=\"https:\/\/visimatic.cz\/en\/ocr-s-neuronovou-siti\/\">OCR s neuronovou s\u00edt\u00ed: revoluce v \u0159e\u0161en\u00ed spolehliv\u00e9 kontroly textu<\/a><\/h3>\r\n\t\t\t<\/div>\r\n\t\t\t\t\t<div class=\"theimran-post-layout-one__excerpt\">\r\n\t\t\t\t<p>\r\n\t\t\t\t\tOCR: \u010cten\u00ed textu v pr\u016fmyslov\u00fdch aplikac\u00edch pomoc\u00ed deep learning neuronov\u00fdch s\u00edt\u00ed P\u00e1r slov \u00favodem&#8230; I p\u0159es to, \u017ee se v pr\u016fmyslu k\t\t\t\t<\/p>\r\n\t\t\t<\/div>\r\n\t\t\t\t<div class=\"theimran-post-layout-one__read-more\">\r\n\t\t\t<a href=\"https:\/\/visimatic.cz\/en\/ocr-s-neuronovou-siti\/\">Show more<\/a>\r\n\t\t<\/div>\r\n\t\t<\/div><\/div><\/div><div class=\"col-md-12\"><div class=\"theimran-post-layout-one row\"><div class=\"theimran-post-layout-one__thumbnail col-md-6 pl-0 pr-3\">\t\t\t<a href=\"https:\/\/visimatic.cz\/en\/ostry-obraz-i-pri-promenlive-pracovni-vzdalenosti-to-zvladne-nas-elektricky-ostritelny-objektiv\/\"><img decoding=\"async\" width=\"768\" height=\"403\" src=\"https:\/\/visimatic.cz\/wp-content\/uploads\/2022\/01\/FeaturedImage-768x403.jpg\" class=\"attachment-medium_large size-medium_large wp-post-image\" alt=\"\" srcset=\"https:\/\/visimatic.cz\/wp-content\/uploads\/2022\/01\/FeaturedImage-768x403.jpg 768w, https:\/\/visimatic.cz\/wp-content\/uploads\/2022\/01\/FeaturedImage-300x158.jpg 300w, https:\/\/visimatic.cz\/wp-content\/uploads\/2022\/01\/FeaturedImage-1024x538.jpg 1024w, https:\/\/visimatic.cz\/wp-content\/uploads\/2022\/01\/FeaturedImage-18x9.jpg 18w, https:\/\/visimatic.cz\/wp-content\/uploads\/2022\/01\/FeaturedImage-830x436.jpg 830w, https:\/\/visimatic.cz\/wp-content\/uploads\/2022\/01\/FeaturedImage-230x121.jpg 230w, https:\/\/visimatic.cz\/wp-content\/uploads\/2022\/01\/FeaturedImage-350x184.jpg 350w, https:\/\/visimatic.cz\/wp-content\/uploads\/2022\/01\/FeaturedImage-480x252.jpg 480w, https:\/\/visimatic.cz\/wp-content\/uploads\/2022\/01\/FeaturedImage-600x315.jpg 600w, https:\/\/visimatic.cz\/wp-content\/uploads\/2022\/01\/FeaturedImage.jpg 1200w\" sizes=\"(max-width: 768px) 100vw, 768px\" title=\"\" loading=\"lazy\"><\/a>\r\n\t\t\t<\/div><div class=\"theimran-post-layout-one__content-wrapper col-md-6\">\t\t\t<div class=\"theimran-post-layout-one__title\">\r\n\t\t\t\t<h3><a href=\"https:\/\/visimatic.cz\/en\/ostry-obraz-i-pri-promenlive-pracovni-vzdalenosti-to-zvladne-nas-elektricky-ostritelny-objektiv\/\">Jak na ostr\u00fd obraz i p\u0159i prom\u011bnliv\u00e9 pracovn\u00ed vzd\u00e1lenosti?<\/a><\/h3>\r\n\t\t\t<\/div>\r\n\t\t\t\t\t<div class=\"theimran-post-layout-one__excerpt\">\r\n\t\t\t\t<p>\r\n\t\t\t\t\tJak na ostr\u00fd obraz i p\u0159i prom\u011bnliv\u00e9 pracovn\u00ed vzd\u00e1lenosti? Jak spolehliv\u011b kontrolovat produkty s r\u016fznou v\u00fd\u0161kou \u010di vzd\u00e1lenost\u00ed v\u016f\u010di kame\u0159e? Zapome\u0148te na\t\t\t\t<\/p>\r\n\t\t\t<\/div>\r\n\t\t\t\t<div class=\"theimran-post-layout-one__read-more\">\r\n\t\t\t<a href=\"https:\/\/visimatic.cz\/en\/ostry-obraz-i-pri-promenlive-pracovni-vzdalenosti-to-zvladne-nas-elektricky-ostritelny-objektiv\/\">Show more<\/a>\r\n\t\t<\/div>\r\n\t\t<\/div><\/div><\/div><div class=\"col-md-12\"><div class=\"theimran-post-layout-one row\"><div class=\"theimran-post-layout-one__thumbnail col-md-6 pl-0 pr-3\">\t\t\t<a href=\"https:\/\/visimatic.cz\/en\/vyplati-se-vam-reseni-na-klic-nebo-pouze-navrh-systemu\/\"><img decoding=\"async\" width=\"600\" height=\"400\" src=\"https:\/\/visimatic.cz\/wp-content\/uploads\/2021\/09\/Kamerovy-system-na-klic.jpg\" class=\"attachment-medium_large size-medium_large wp-post-image\" alt=\"Kamerov\u00fd syst\u00e9m na kl\u00ed\u010d\" srcset=\"https:\/\/visimatic.cz\/wp-content\/uploads\/2021\/09\/Kamerovy-system-na-klic.jpg 600w, https:\/\/visimatic.cz\/wp-content\/uploads\/2021\/09\/Kamerovy-system-na-klic-300x200.jpg 300w, https:\/\/visimatic.cz\/wp-content\/uploads\/2021\/09\/Kamerovy-system-na-klic-18x12.jpg 18w, https:\/\/visimatic.cz\/wp-content\/uploads\/2021\/09\/Kamerovy-system-na-klic-230x153.jpg 230w, https:\/\/visimatic.cz\/wp-content\/uploads\/2021\/09\/Kamerovy-system-na-klic-350x233.jpg 350w, https:\/\/visimatic.cz\/wp-content\/uploads\/2021\/09\/Kamerovy-system-na-klic-480x320.jpg 480w\" sizes=\"(max-width: 600px) 100vw, 600px\" title=\"\" loading=\"lazy\"><\/a>\r\n\t\t\t<\/div><div class=\"theimran-post-layout-one__content-wrapper col-md-6\">\t\t\t<div class=\"theimran-post-layout-one__title\">\r\n\t\t\t\t<h3><a href=\"https:\/\/visimatic.cz\/en\/vyplati-se-vam-reseni-na-klic-nebo-pouze-navrh-systemu\/\">Turnkey solution or just system design? You decide.<\/a><\/h3>\r\n\t\t\t<\/div>\r\n\t\t\t\t\t<div class=\"theimran-post-layout-one__excerpt\">\r\n\t\t\t\t<p>\r\n\t\t\t\t\tVyplat\u00ed se V\u00e1m \u0159e\u0161en\u00ed na kl\u00ed\u010d nebo pouze n\u00e1vrh syst\u00e9mu? Kompletn\u00ed \u0159e\u0161en\u00ed na kl\u00ed\u010d Zajist\u00edme kompletn\u00ed \u0159e\u0161en\u00ed kamerov\u00fdch aplikac\u00ed na kl\u00ed\u010d. Od\t\t\t\t<\/p>\r\n\t\t\t<\/div>\r\n\t\t\t\t<div class=\"theimran-post-layout-one__read-more\">\r\n\t\t\t<a href=\"https:\/\/visimatic.cz\/en\/vyplati-se-vam-reseni-na-klic-nebo-pouze-navrh-systemu\/\">Show more<\/a>\r\n\t\t<\/div>\r\n\t\t<\/div><\/div><\/div><div class=\"col-md-12\"><div class=\"theimran-post-layout-one row\"><div class=\"theimran-post-layout-one__thumbnail col-md-6 pl-0 pr-3\">\t\t\t<a href=\"https:\/\/visimatic.cz\/en\/spolehlivost-kamerovych-systemu\/\"><img loading=\"lazy\" decoding=\"async\" width=\"768\" height=\"524\" src=\"https:\/\/visimatic.cz\/wp-content\/uploads\/2021\/07\/Ishikawa-diagram--768x524.png\" class=\"attachment-medium_large size-medium_large wp-post-image\" alt=\"Spolehliv\u00fd kamerov\u00fd syst\u00e9m\" srcset=\"https:\/\/visimatic.cz\/wp-content\/uploads\/2021\/07\/Ishikawa-diagram--768x524.png 768w, https:\/\/visimatic.cz\/wp-content\/uploads\/2021\/07\/Ishikawa-diagram--300x205.png 300w, https:\/\/visimatic.cz\/wp-content\/uploads\/2021\/07\/Ishikawa-diagram--1024x699.png 1024w, https:\/\/visimatic.cz\/wp-content\/uploads\/2021\/07\/Ishikawa-diagram--1536x1048.png 1536w, https:\/\/visimatic.cz\/wp-content\/uploads\/2021\/07\/Ishikawa-diagram--2048x1397.png 2048w, https:\/\/visimatic.cz\/wp-content\/uploads\/2021\/07\/Ishikawa-diagram--830x566.png 830w, https:\/\/visimatic.cz\/wp-content\/uploads\/2021\/07\/Ishikawa-diagram--230x157.png 230w, https:\/\/visimatic.cz\/wp-content\/uploads\/2021\/07\/Ishikawa-diagram--350x239.png 350w, https:\/\/visimatic.cz\/wp-content\/uploads\/2021\/07\/Ishikawa-diagram--480x327.png 480w, https:\/\/visimatic.cz\/wp-content\/uploads\/2021\/07\/Ishikawa-diagram--600x409.png 600w, https:\/\/visimatic.cz\/wp-content\/uploads\/2021\/07\/Ishikawa-diagram--951x649.png 951w\" sizes=\"(max-width: 768px) 100vw, 768px\" title=\"\"><\/a>\r\n\t\t\t<\/div><div class=\"theimran-post-layout-one__content-wrapper col-md-6\">\t\t\t<div class=\"theimran-post-layout-one__title\">\r\n\t\t\t\t<h3><a href=\"https:\/\/visimatic.cz\/en\/spolehlivost-kamerovych-systemu\/\">What is the key to the reliability of our machine vision systems?<\/a><\/h3>\r\n\t\t\t<\/div>\r\n\t\t\t\t\t<div class=\"theimran-post-layout-one__excerpt\">\r\n\t\t\t\t<p>\r\n\t\t\t\t\tCo je kl\u00ed\u010dem ke spolehlivosti na\u0161ich kamerov\u00fdch syst\u00e9m\u016f? Standartn\u00edm postupem pro \u00fasp\u011b\u0161n\u00e9 vy\u0159e\u0161en\u00ed kamerov\u00e9 inspekce je nejprve detailn\u011b specifikovat vstupn\u00ed po\u017eadavky a\t\t\t\t<\/p>\r\n\t\t\t<\/div>\r\n\t\t\t\t<div class=\"theimran-post-layout-one__read-more\">\r\n\t\t\t<a href=\"https:\/\/visimatic.cz\/en\/spolehlivost-kamerovych-systemu\/\">Show more<\/a>\r\n\t\t<\/div>\r\n\t\t<\/div><\/div><\/div><\/div>\t\t\t\t<\/div>\n\t\t\t\t<\/div>\n\t\t\t\t\t<\/div>\n\t\t<\/div>\n\t\t\t\t<div class=\"elementor-column elementor-col-16 elementor-top-column elementor-element elementor-element-318a359\" data-id=\"318a359\" data-element_type=\"column\">\n\t\t\t<div class=\"elementor-widget-wrap\">\n\t\t\t\t\t\t\t<\/div>\n\t\t<\/div>\n\t\t\t\t\t<\/div>\n\t\t<\/section>\n\t\t\t\t<\/div>","protected":false},"excerpt":{"rendered":"<p>Vyplat\u00ed se V\u00e1m \u0159e\u0161en\u00ed na kl\u00ed\u010d nebo pouze n\u00e1vrh syst\u00e9mu? Vyplat\u00ed se V\u00e1m \u0159e\u0161en\u00ed na kl\u00ed\u010d nebo pouze n\u00e1vrh syst\u00e9mu? Kompletn\u00ed \u0159e\u0161en\u00ed [&hellip;]<\/p>","protected":false},"author":1,"featured_media":0,"parent":0,"menu_order":0,"comment_status":"closed","ping_status":"closed","template":"elementor_header_footer","meta":{"footnotes":""},"class_list":["post-2057","page","type-page","status-publish","hentry"],"_links":{"self":[{"href":"https:\/\/visimatic.cz\/en\/wp-json\/wp\/v2\/pages\/2057","targetHints":{"allow":["GET"]}}],"collection":[{"href":"https:\/\/visimatic.cz\/en\/wp-json\/wp\/v2\/pages"}],"about":[{"href":"https:\/\/visimatic.cz\/en\/wp-json\/wp\/v2\/types\/page"}],"author":[{"embeddable":true,"href":"https:\/\/visimatic.cz\/en\/wp-json\/wp\/v2\/users\/1"}],"replies":[{"embeddable":true,"href":"https:\/\/visimatic.cz\/en\/wp-json\/wp\/v2\/comments?post=2057"}],"version-history":[{"count":79,"href":"https:\/\/visimatic.cz\/en\/wp-json\/wp\/v2\/pages\/2057\/revisions"}],"predecessor-version":[{"id":3015,"href":"https:\/\/visimatic.cz\/en\/wp-json\/wp\/v2\/pages\/2057\/revisions\/3015"}],"wp:attachment":[{"href":"https:\/\/visimatic.cz\/en\/wp-json\/wp\/v2\/media?parent=2057"}],"curies":[{"name":"wp","href":"https:\/\/api.w.org\/{rel}","templated":true}]}}