{"id":23,"date":"2020-12-23T08:17:33","date_gmt":"2020-12-23T08:17:33","guid":{"rendered":"http:\/\/svetlezitrky.tech\/?page_id=23"},"modified":"2023-07-15T11:20:36","modified_gmt":"2023-07-15T11:20:36","slug":"kontakt","status":"publish","type":"page","link":"https:\/\/visimatic.cz\/en\/kontakt\/","title":{"rendered":"Contact us"},"content":{"rendered":"<div data-elementor-type=\"wp-page\" data-elementor-id=\"23\" class=\"elementor elementor-23\">\n\t\t\t\t\t\t<section class=\"elementor-section elementor-top-section elementor-element elementor-element-f1cca7c elementor-section-boxed elementor-section-height-default elementor-section-height-default\" data-id=\"f1cca7c\" data-element_type=\"section\">\n\t\t\t\t\t\t<div class=\"elementor-container elementor-column-gap-default\">\n\t\t\t\t\t<div class=\"elementor-column elementor-col-100 elementor-top-column elementor-element elementor-element-289d692\" data-id=\"289d692\" data-element_type=\"column\">\n\t\t\t<div class=\"elementor-widget-wrap elementor-element-populated\">\n\t\t\t\t\t\t<div class=\"elementor-element elementor-element-340bb3d elementor-widget elementor-widget-heading\" data-id=\"340bb3d\" data-element_type=\"widget\" data-widget_type=\"heading.default\">\n\t\t\t\t<div class=\"elementor-widget-container\">\n\t\t\t\t\t<h2 class=\"elementor-heading-title elementor-size-default\">Contact us<\/h2>\t\t\t\t<\/div>\n\t\t\t\t<\/div>\n\t\t\t\t\t<\/div>\n\t\t<\/div>\n\t\t\t\t\t<\/div>\n\t\t<\/section>\n\t\t\t\t<section class=\"elementor-section elementor-top-section elementor-element elementor-element-07120f1 elementor-section-boxed elementor-section-height-default elementor-section-height-default\" data-id=\"07120f1\" data-element_type=\"section\">\n\t\t\t\t\t\t<div class=\"elementor-container elementor-column-gap-default\">\n\t\t\t\t\t<div class=\"elementor-column elementor-col-100 elementor-top-column elementor-element elementor-element-6d1cf2b\" data-id=\"6d1cf2b\" data-element_type=\"column\">\n\t\t\t<div class=\"elementor-widget-wrap elementor-element-populated\">\n\t\t\t\t\t\t<div class=\"elementor-element elementor-element-10041cf elementor-widget elementor-widget-text-editor\" data-id=\"10041cf\" data-element_type=\"widget\" data-widget_type=\"text-editor.default\">\n\t\t\t\t<div class=\"elementor-widget-container\">\n\t\t\t\t\t\t\t\t\t<p><strong>M\u00e1te z\u00e1jem o nez\u00e1vaznou konzultaci, nebo cenovou nab\u00eddku?<\/strong><\/p><h4>Napi\u0161te n\u00e1m!<\/h4><h5><strong><a href=\"mailto:info@visimatic.cz\">info@visimatic.cz<\/a><\/strong><\/h5>\t\t\t\t\t\t\t\t<\/div>\n\t\t\t\t<\/div>\n\t\t\t\t<section class=\"elementor-section elementor-inner-section elementor-element elementor-element-e099387 elementor-section-boxed elementor-section-height-default elementor-section-height-default\" data-id=\"e099387\" data-element_type=\"section\">\n\t\t\t\t\t\t<div class=\"elementor-container elementor-column-gap-default\">\n\t\t\t\t\t<div class=\"elementor-column elementor-col-50 elementor-inner-column elementor-element elementor-element-5e1b9ac\" data-id=\"5e1b9ac\" data-element_type=\"column\">\n\t\t\t<div class=\"elementor-widget-wrap elementor-element-populated\">\n\t\t\t\t\t\t<div class=\"elementor-element elementor-element-6417750 elementor-widget elementor-widget-text-editor\" data-id=\"6417750\" data-element_type=\"widget\" data-widget_type=\"text-editor.default\">\n\t\t\t\t<div class=\"elementor-widget-container\">\n\t\t\t\t\t\t\t\t\t<h6 style=\"text-align: center;\"><span style=\"color: #000000;\"><b>Ing. Jarom\u00edr Pol\u00e1k<\/b><\/span><\/h6>\t\t\t\t\t\t\t\t<\/div>\n\t\t\t\t<\/div>\n\t\t\t\t<div class=\"elementor-element elementor-element-be60522 elementor-align-center elementor-icon-list--layout-traditional elementor-list-item-link-full_width elementor-widget elementor-widget-icon-list\" data-id=\"be60522\" data-element_type=\"widget\" data-widget_type=\"icon-list.default\">\n\t\t\t\t<div class=\"elementor-widget-container\">\n\t\t\t\t\t\t\t<ul class=\"elementor-icon-list-items\">\n\t\t\t\t\t\t\t<li class=\"elementor-icon-list-item\">\n\t\t\t\t\t\t\t\t\t\t<span class=\"elementor-icon-list-text\">CEO<\/span>\n\t\t\t\t\t\t\t\t\t<\/li>\n\t\t\t\t\t\t\t\t<li class=\"elementor-icon-list-item\">\n\t\t\t\t\t\t\t\t\t\t\t<span class=\"elementor-icon-list-icon\">\n\t\t\t\t\t\t\t<i aria-hidden=\"true\" class=\"fas fa-phone-square-alt\"><\/i>\t\t\t\t\t\t<\/span>\n\t\t\t\t\t\t\t\t\t\t<span class=\"elementor-icon-list-text\">+420 732 541 211<\/span>\n\t\t\t\t\t\t\t\t\t<\/li>\n\t\t\t\t\t\t\t\t<li class=\"elementor-icon-list-item\">\n\t\t\t\t\t\t\t\t\t\t\t<a href=\"mailto:jaromir.polak@visimatic.cz\">\n\n\t\t\t\t\t\t\t\t\t\t\t\t<span class=\"elementor-icon-list-icon\">\n\t\t\t\t\t\t\t<i aria-hidden=\"true\" class=\"fas fa-envelope\"><\/i>\t\t\t\t\t\t<\/span>\n\t\t\t\t\t\t\t\t\t\t<span class=\"elementor-icon-list-text\">jaromir.polak@visimatic.cz<\/span>\n\t\t\t\t\t\t\t\t\t\t\t<\/a>\n\t\t\t\t\t\t\t\t\t<\/li>\n\t\t\t\t\t\t<\/ul>\n\t\t\t\t\t\t<\/div>\n\t\t\t\t<\/div>\n\t\t\t\t<div class=\"elementor-element elementor-element-f1d54d8 elementor-hidden-tablet elementor-hidden-phone elementor-widget elementor-widget-image\" data-id=\"f1d54d8\" data-element_type=\"widget\" data-widget_type=\"image.default\">\n\t\t\t\t<div class=\"elementor-widget-container\">\n\t\t\t\t\t\t\t\t\t\t\t\t<figure class=\"wp-caption\">\n\t\t\t\t\t\t\t\t\t\t<img decoding=\"async\" width=\"150\" height=\"150\" src=\"https:\/\/visimatic.cz\/wp-content\/uploads\/2021\/07\/Jaromir-Polak-vizitka-150x150.png\" class=\"attachment-thumbnail size-thumbnail wp-image-1902\" alt=\"Jarom\u00edr Pol\u00e1k vizitka\" srcset=\"https:\/\/visimatic.cz\/wp-content\/uploads\/2021\/07\/Jaromir-Polak-vizitka-150x150.png 150w, https:\/\/visimatic.cz\/wp-content\/uploads\/2021\/07\/Jaromir-Polak-vizitka-300x300.png 300w, https:\/\/visimatic.cz\/wp-content\/uploads\/2021\/07\/Jaromir-Polak-vizitka-1024x1024.png 1024w, https:\/\/visimatic.cz\/wp-content\/uploads\/2021\/07\/Jaromir-Polak-vizitka-768x768.png 768w, https:\/\/visimatic.cz\/wp-content\/uploads\/2021\/07\/Jaromir-Polak-vizitka-1536x1536.png 1536w, https:\/\/visimatic.cz\/wp-content\/uploads\/2021\/07\/Jaromir-Polak-vizitka-2048x2048.png 2048w, https:\/\/visimatic.cz\/wp-content\/uploads\/2021\/07\/Jaromir-Polak-vizitka-830x830.png 830w, https:\/\/visimatic.cz\/wp-content\/uploads\/2021\/07\/Jaromir-Polak-vizitka-230x230.png 230w, https:\/\/visimatic.cz\/wp-content\/uploads\/2021\/07\/Jaromir-Polak-vizitka-350x350.png 350w, https:\/\/visimatic.cz\/wp-content\/uploads\/2021\/07\/Jaromir-Polak-vizitka-480x480.png 480w\" sizes=\"(max-width: 150px) 100vw, 150px\" title=\"\" loading=\"lazy\">\t\t\t\t\t\t\t\t\t\t\t<figcaption class=\"widget-image-caption wp-caption-text\"><\/figcaption>\n\t\t\t\t\t\t\t\t\t\t<\/figure>\n\t\t\t\t\t\t\t\t\t<\/div>\n\t\t\t\t<\/div>\n\t\t\t\t\t<\/div>\n\t\t<\/div>\n\t\t\t\t<div class=\"elementor-column elementor-col-50 elementor-inner-column elementor-element elementor-element-34997c6\" data-id=\"34997c6\" data-element_type=\"column\">\n\t\t\t<div class=\"elementor-widget-wrap elementor-element-populated\">\n\t\t\t\t\t\t<div class=\"elementor-element elementor-element-64331d3 elementor-widget elementor-widget-text-editor\" data-id=\"64331d3\" data-element_type=\"widget\" data-widget_type=\"text-editor.default\">\n\t\t\t\t<div class=\"elementor-widget-container\">\n\t\t\t\t\t\t\t\t\t<h6 style=\"text-align: center;\"><span style=\"color: #000000;\"><b>Ing. Radek Pavelka<\/b><\/span><\/h6>\t\t\t\t\t\t\t\t<\/div>\n\t\t\t\t<\/div>\n\t\t\t\t<div class=\"elementor-element elementor-element-5a64904 elementor-align-center elementor-icon-list--layout-traditional elementor-list-item-link-full_width elementor-widget elementor-widget-icon-list\" data-id=\"5a64904\" data-element_type=\"widget\" data-widget_type=\"icon-list.default\">\n\t\t\t\t<div class=\"elementor-widget-container\">\n\t\t\t\t\t\t\t<ul class=\"elementor-icon-list-items\">\n\t\t\t\t\t\t\t<li class=\"elementor-icon-list-item\">\n\t\t\t\t\t\t\t\t\t\t<span class=\"elementor-icon-list-text\">CEO<\/span>\n\t\t\t\t\t\t\t\t\t<\/li>\n\t\t\t\t\t\t\t\t<li class=\"elementor-icon-list-item\">\n\t\t\t\t\t\t\t\t\t\t\t<span class=\"elementor-icon-list-icon\">\n\t\t\t\t\t\t\t<i aria-hidden=\"true\" class=\"fas fa-phone-square-alt\"><\/i>\t\t\t\t\t\t<\/span>\n\t\t\t\t\t\t\t\t\t\t<span class=\"elementor-icon-list-text\">+420 702 984 212<\/span>\n\t\t\t\t\t\t\t\t\t<\/li>\n\t\t\t\t\t\t\t\t<li class=\"elementor-icon-list-item\">\n\t\t\t\t\t\t\t\t\t\t\t<a href=\"mailto:radek.pavelka@visimatic.cz\">\n\n\t\t\t\t\t\t\t\t\t\t\t\t<span class=\"elementor-icon-list-icon\">\n\t\t\t\t\t\t\t<i aria-hidden=\"true\" class=\"fas fa-envelope\"><\/i>\t\t\t\t\t\t<\/span>\n\t\t\t\t\t\t\t\t\t\t<span class=\"elementor-icon-list-text\">radek.pavelka@visimatic.cz<\/span>\n\t\t\t\t\t\t\t\t\t\t\t<\/a>\n\t\t\t\t\t\t\t\t\t<\/li>\n\t\t\t\t\t\t<\/ul>\n\t\t\t\t\t\t<\/div>\n\t\t\t\t<\/div>\n\t\t\t\t<div class=\"elementor-element elementor-element-7f61f66 elementor-hidden-tablet elementor-hidden-phone elementor-widget elementor-widget-image\" data-id=\"7f61f66\" data-element_type=\"widget\" data-widget_type=\"image.default\">\n\t\t\t\t<div class=\"elementor-widget-container\">\n\t\t\t\t\t\t\t\t\t\t\t\t\t\t\t<img decoding=\"async\" width=\"150\" height=\"150\" src=\"https:\/\/visimatic.cz\/wp-content\/uploads\/2021\/07\/Radek-Pavelka-vizitka-150x150.png\" class=\"attachment-thumbnail size-thumbnail wp-image-1903\" alt=\"Radek Pavelka vizitka\" srcset=\"https:\/\/visimatic.cz\/wp-content\/uploads\/2021\/07\/Radek-Pavelka-vizitka-150x150.png 150w, https:\/\/visimatic.cz\/wp-content\/uploads\/2021\/07\/Radek-Pavelka-vizitka-300x300.png 300w, https:\/\/visimatic.cz\/wp-content\/uploads\/2021\/07\/Radek-Pavelka-vizitka-1024x1024.png 1024w, https:\/\/visimatic.cz\/wp-content\/uploads\/2021\/07\/Radek-Pavelka-vizitka-768x768.png 768w, https:\/\/visimatic.cz\/wp-content\/uploads\/2021\/07\/Radek-Pavelka-vizitka-830x830.png 830w, https:\/\/visimatic.cz\/wp-content\/uploads\/2021\/07\/Radek-Pavelka-vizitka-230x230.png 230w, https:\/\/visimatic.cz\/wp-content\/uploads\/2021\/07\/Radek-Pavelka-vizitka-350x350.png 350w, https:\/\/visimatic.cz\/wp-content\/uploads\/2021\/07\/Radek-Pavelka-vizitka-480x480.png 480w, https:\/\/visimatic.cz\/wp-content\/uploads\/2021\/07\/Radek-Pavelka-vizitka.png 1105w\" sizes=\"(max-width: 150px) 100vw, 150px\" title=\"\" loading=\"lazy\">\t\t\t\t\t\t\t\t\t\t\t\t\t\t\t<\/div>\n\t\t\t\t<\/div>\n\t\t\t\t\t<\/div>\n\t\t<\/div>\n\t\t\t\t\t<\/div>\n\t\t<\/section>\n\t\t\t\t\t<\/div>\n\t\t<\/div>\n\t\t\t\t\t<\/div>\n\t\t<\/section>\n\t\t\t\t<section class=\"elementor-section elementor-top-section elementor-element elementor-element-a95a036 elementor-section-boxed elementor-section-height-default elementor-section-height-default\" data-id=\"a95a036\" data-element_type=\"section\">\n\t\t\t\t\t\t<div class=\"elementor-container elementor-column-gap-default\">\n\t\t\t\t\t<div class=\"elementor-column elementor-col-100 elementor-top-column elementor-element elementor-element-79bee8e\" data-id=\"79bee8e\" data-element_type=\"column\">\n\t\t\t<div class=\"elementor-widget-wrap elementor-element-populated\">\n\t\t\t\t\t\t<section class=\"elementor-section elementor-inner-section elementor-element elementor-element-e773e26 elementor-section-boxed elementor-section-height-default elementor-section-height-default\" data-id=\"e773e26\" data-element_type=\"section\">\n\t\t\t\t\t\t<div class=\"elementor-container elementor-column-gap-default\">\n\t\t\t\t\t<div class=\"elementor-column elementor-col-50 elementor-inner-column elementor-element elementor-element-4de6403\" data-id=\"4de6403\" data-element_type=\"column\">\n\t\t\t<div class=\"elementor-widget-wrap elementor-element-populated\">\n\t\t\t\t\t\t<div class=\"elementor-element elementor-element-e695d45 elementor-widget elementor-widget-text-editor\" data-id=\"e695d45\" data-element_type=\"widget\" data-widget_type=\"text-editor.default\">\n\t\t\t\t<div class=\"elementor-widget-container\">\n\t\t\t\t\t\t\t\t\t<div style=\"color: #000000; font-size: 16px; font-weight: 400; text-align: center; white-space: normal;\"><span style=\"font-weight: bold;\">\u00a0<\/span><\/div><div style=\"color: #000000; font-size: 16px; font-weight: 400; text-align: center; white-space: normal;\"><span style=\"font-weight: bold;\">I\u010c<\/span>: 09860738<\/div><div style=\"text-align: center;\"><p style=\"color: #000000; font-size: 16px; font-weight: 400; white-space: normal;\"><span style=\"font-weight: bold;\">DI\u010c<\/span>: CZ09860738<\/p><p>Spole\u010dnost zaps\u00e1na v <a href=\"https:\/\/or.justice.cz\/ias\/ui\/rejstrik-firma.vysledky?subjektId=1107881&amp;typ=PLATNY\" target=\"_blank\" rel=\"noopener\">obchodn\u00edm rejst\u0159\u00edku<\/a> veden\u00e9m Krajsk\u00fdm soudem v Brn\u011b, spisov\u00e1 zna\u010dka C 121157<\/p><\/div>\t\t\t\t\t\t\t\t<\/div>\n\t\t\t\t<\/div>\n\t\t\t\t\t<\/div>\n\t\t<\/div>\n\t\t\t\t<div class=\"elementor-column elementor-col-50 elementor-inner-column elementor-element elementor-element-55d5bc2\" data-id=\"55d5bc2\" data-element_type=\"column\">\n\t\t\t<div class=\"elementor-widget-wrap elementor-element-populated\">\n\t\t\t\t\t\t<div class=\"elementor-element elementor-element-f8dc162 elementor-widget elementor-widget-text-editor\" data-id=\"f8dc162\" data-element_type=\"widget\" data-widget_type=\"text-editor.default\">\n\t\t\t\t<div class=\"elementor-widget-container\">\n\t\t\t\t\t\t\t\t\t<h6 style=\"text-align: center;\"><span style=\"color: #000000; font-size: 16px;\">S\u00eddlo spole\u010dnosti:<br \/><\/span><span style=\"color: #000000; font-size: 16px; font-weight: 400;\">JIC INMEC<\/span><br style=\"color: #000000; font-size: 16px; font-weight: 400;\" \/><span style=\"color: #000000; font-size: 16px; font-weight: 400;\">Purky\u0148ova 649\/127<\/span><br style=\"color: #000000; font-size: 16px; font-weight: 400;\" \/><span style=\"color: #000000; font-size: 16px; font-weight: 400;\">612 00 Brno &#8211; Medl\u00e1nky<\/span><\/h6>\t\t\t\t\t\t\t\t<\/div>\n\t\t\t\t<\/div>\n\t\t\t\t\t<\/div>\n\t\t<\/div>\n\t\t\t\t\t<\/div>\n\t\t<\/section>\n\t\t\t\t\t<\/div>\n\t\t<\/div>\n\t\t\t\t\t<\/div>\n\t\t<\/section>\n\t\t\t\t<section class=\"elementor-section elementor-top-section elementor-element elementor-element-4b73839 elementor-section-boxed elementor-section-height-default elementor-section-height-default\" data-id=\"4b73839\" data-element_type=\"section\">\n\t\t\t\t\t\t<div class=\"elementor-container elementor-column-gap-default\">\n\t\t\t\t\t<div class=\"elementor-column elementor-col-100 elementor-top-column elementor-element elementor-element-84903ae\" data-id=\"84903ae\" data-element_type=\"column\">\n\t\t\t<div class=\"elementor-widget-wrap elementor-element-populated\">\n\t\t\t\t\t\t<div class=\"elementor-element elementor-element-2117452 elementor-widget elementor-widget-image\" data-id=\"2117452\" data-element_type=\"widget\" data-widget_type=\"image.default\">\n\t\t\t\t<div class=\"elementor-widget-container\">\n\t\t\t\t\t\t\t\t\t\t\t\t\t\t\t<img fetchpriority=\"high\" decoding=\"async\" width=\"1024\" height=\"683\" src=\"https:\/\/visimatic.cz\/wp-content\/uploads\/2023\/07\/2020-10-13-1024x683.jpg\" class=\"attachment-large size-large wp-image-3003\" alt=\"\" srcset=\"https:\/\/visimatic.cz\/wp-content\/uploads\/2023\/07\/2020-10-13-1024x683.jpg 1024w, https:\/\/visimatic.cz\/wp-content\/uploads\/2023\/07\/2020-10-13-300x200.jpg 300w, https:\/\/visimatic.cz\/wp-content\/uploads\/2023\/07\/2020-10-13-768x512.jpg 768w, https:\/\/visimatic.cz\/wp-content\/uploads\/2023\/07\/2020-10-13-18x12.jpg 18w, https:\/\/visimatic.cz\/wp-content\/uploads\/2023\/07\/2020-10-13-1000x667.jpg 1000w, https:\/\/visimatic.cz\/wp-content\/uploads\/2023\/07\/2020-10-13-230x153.jpg 230w, https:\/\/visimatic.cz\/wp-content\/uploads\/2023\/07\/2020-10-13-350x233.jpg 350w, https:\/\/visimatic.cz\/wp-content\/uploads\/2023\/07\/2020-10-13-480x320.jpg 480w, https:\/\/visimatic.cz\/wp-content\/uploads\/2023\/07\/2020-10-13-600x400.jpg 600w, https:\/\/visimatic.cz\/wp-content\/uploads\/2023\/07\/2020-10-13-973x649.jpg 973w, https:\/\/visimatic.cz\/wp-content\/uploads\/2023\/07\/2020-10-13.jpg 1360w\" sizes=\"(max-width: 1024px) 100vw, 1024px\" title=\"\">\t\t\t\t\t\t\t\t\t\t\t\t\t\t\t<\/div>\n\t\t\t\t<\/div>\n\t\t\t\t\t<\/div>\n\t\t<\/div>\n\t\t\t\t\t<\/div>\n\t\t<\/section>\n\t\t\t\t<section class=\"elementor-section elementor-top-section elementor-element elementor-element-e5bca7d elementor-section-boxed elementor-section-height-default elementor-section-height-default\" data-id=\"e5bca7d\" data-element_type=\"section\">\n\t\t\t\t\t\t<div class=\"elementor-container elementor-column-gap-default\">\n\t\t\t\t\t<div class=\"elementor-column elementor-col-100 elementor-top-column elementor-element elementor-element-827e419\" data-id=\"827e419\" data-element_type=\"column\">\n\t\t\t<div class=\"elementor-widget-wrap elementor-element-populated\">\n\t\t\t\t\t\t<div class=\"elementor-element elementor-element-e92c814 elementor-widget elementor-widget-spacer\" data-id=\"e92c814\" data-element_type=\"widget\" data-widget_type=\"spacer.default\">\n\t\t\t\t<div class=\"elementor-widget-container\">\n\t\t\t\t\t\t\t<div class=\"elementor-spacer\">\n\t\t\t<div class=\"elementor-spacer-inner\"><\/div>\n\t\t<\/div>\n\t\t\t\t\t\t<\/div>\n\t\t\t\t<\/div>\n\t\t\t\t\t<\/div>\n\t\t<\/div>\n\t\t\t\t\t<\/div>\n\t\t<\/section>\n\t\t\t\t<section class=\"elementor-section elementor-top-section elementor-element elementor-element-86d0138 elementor-section-boxed elementor-section-height-default elementor-section-height-default\" data-id=\"86d0138\" data-element_type=\"section\">\n\t\t\t\t\t\t<div class=\"elementor-container elementor-column-gap-default\">\n\t\t\t\t\t<div class=\"elementor-column elementor-col-100 elementor-top-column elementor-element elementor-element-fb6997f\" data-id=\"fb6997f\" data-element_type=\"column\">\n\t\t\t<div class=\"elementor-widget-wrap elementor-element-populated\">\n\t\t\t\t\t\t<div class=\"elementor-element elementor-element-eda29d2 elementor-widget elementor-widget-google_maps\" data-id=\"eda29d2\" data-element_type=\"widget\" data-widget_type=\"google_maps.default\">\n\t\t\t\t<div class=\"elementor-widget-container\">\n\t\t\t\t\t\t\t<div class=\"elementor-custom-embed\">\n\t\t\t<iframe loading=\"lazy\"\n\t\t\t\t\tsrc=\"https:\/\/maps.google.com\/maps?q=Visimatic&#038;t=m&#038;z=13&#038;output=embed&#038;iwloc=near\"\n\t\t\t\t\ttitle=\"Visimatic\"\n\t\t\t\t\taria-label=\"Visimatic\"\n\t\t\t><\/iframe>\n\t\t<\/div>\n\t\t\t\t\t\t<\/div>\n\t\t\t\t<\/div>\n\t\t\t\t\t<\/div>\n\t\t<\/div>\n\t\t\t\t\t<\/div>\n\t\t<\/section>\n\t\t\t\t<\/div>","protected":false},"excerpt":{"rendered":"<p>Kontakt M\u00e1te z\u00e1jem o nez\u00e1vaznou konzultaci, nebo cenovou nab\u00eddku? Napi\u0161te n\u00e1m! info@visimatic.cz Ing. Jarom\u00edr Pol\u00e1k Jednatel +420 732 541 211 jaromir.polak@visimatic.cz Ing. [&hellip;]<\/p>","protected":false},"author":1,"featured_media":0,"parent":0,"menu_order":0,"comment_status":"closed","ping_status":"closed","template":"elementor_header_footer","meta":{"footnotes":""},"class_list":["post-23","page","type-page","status-publish","hentry"],"_links":{"self":[{"href":"https:\/\/visimatic.cz\/en\/wp-json\/wp\/v2\/pages\/23","targetHints":{"allow":["GET"]}}],"collection":[{"href":"https:\/\/visimatic.cz\/en\/wp-json\/wp\/v2\/pages"}],"about":[{"href":"https:\/\/visimatic.cz\/en\/wp-json\/wp\/v2\/types\/page"}],"author":[{"embeddable":true,"href":"https:\/\/visimatic.cz\/en\/wp-json\/wp\/v2\/users\/1"}],"replies":[{"embeddable":true,"href":"https:\/\/visimatic.cz\/en\/wp-json\/wp\/v2\/comments?post=23"}],"version-history":[{"count":216,"href":"https:\/\/visimatic.cz\/en\/wp-json\/wp\/v2\/pages\/23\/revisions"}],"predecessor-version":[{"id":3014,"href":"https:\/\/visimatic.cz\/en\/wp-json\/wp\/v2\/pages\/23\/revisions\/3014"}],"wp:attachment":[{"href":"https:\/\/visimatic.cz\/en\/wp-json\/wp\/v2\/media?parent=23"}],"curies":[{"name":"wp","href":"https:\/\/api.w.org\/{rel}","templated":true}]}}