{"id":256,"date":"2020-12-24T20:43:55","date_gmt":"2020-12-24T20:43:55","guid":{"rendered":"http:\/\/svetlezitrky.tech\/?page_id=256"},"modified":"2023-07-15T12:32:09","modified_gmt":"2023-07-15T12:32:09","slug":"prehled-typickych-aplikaci","status":"publish","type":"page","link":"https:\/\/visimatic.cz\/en\/prehled-typickych-aplikaci\/","title":{"rendered":"Typical applications overview"},"content":{"rendered":"<div data-elementor-type=\"wp-page\" data-elementor-id=\"256\" class=\"elementor elementor-256\">\n\t\t\t\t\t\t<section class=\"elementor-section elementor-top-section elementor-element elementor-element-3ee7570 elementor-section-boxed elementor-section-height-default elementor-section-height-default\" data-id=\"3ee7570\" data-element_type=\"section\">\n\t\t\t\t\t\t<div class=\"elementor-container elementor-column-gap-default\">\n\t\t\t\t\t<div class=\"elementor-column elementor-col-100 elementor-top-column elementor-element elementor-element-ae5abeb\" data-id=\"ae5abeb\" data-element_type=\"column\">\n\t\t\t<div class=\"elementor-widget-wrap elementor-element-populated\">\n\t\t\t\t\t\t<div class=\"elementor-element elementor-element-0c8a993 elementor-widget elementor-widget-heading\" data-id=\"0c8a993\" data-element_type=\"widget\" data-widget_type=\"heading.default\">\n\t\t\t\t<div class=\"elementor-widget-container\">\n\t\t\t\t\t<h2 class=\"elementor-heading-title elementor-size-default\">Typical applications overview<\/h2>\t\t\t\t<\/div>\n\t\t\t\t<\/div>\n\t\t\t\t\t<\/div>\n\t\t<\/div>\n\t\t\t\t\t<\/div>\n\t\t<\/section>\n\t\t\t\t<section class=\"elementor-section elementor-top-section elementor-element elementor-element-93341f5 elementor-section-boxed elementor-section-height-default elementor-section-height-default\" data-id=\"93341f5\" data-element_type=\"section\">\n\t\t\t\t\t\t<div class=\"elementor-container elementor-column-gap-default\">\n\t\t\t\t\t<div class=\"elementor-column elementor-col-100 elementor-top-column elementor-element elementor-element-d1d26ce\" data-id=\"d1d26ce\" data-element_type=\"column\">\n\t\t\t<div class=\"elementor-widget-wrap elementor-element-populated\">\n\t\t\t\t\t\t<section class=\"elementor-section elementor-inner-section elementor-element elementor-element-6c789c5 elementor-section-boxed elementor-section-height-default elementor-section-height-default\" data-id=\"6c789c5\" data-element_type=\"section\">\n\t\t\t\t\t\t<div class=\"elementor-container elementor-column-gap-default\">\n\t\t\t\t\t<div class=\"elementor-column elementor-col-50 elementor-inner-column elementor-element elementor-element-f5d34c9\" data-id=\"f5d34c9\" data-element_type=\"column\">\n\t\t\t<div class=\"elementor-widget-wrap elementor-element-populated\">\n\t\t\t\t\t\t<div class=\"elementor-element elementor-element-e92f281 elementor-widget elementor-widget-heading\" data-id=\"e92f281\" data-element_type=\"widget\" data-widget_type=\"heading.default\">\n\t\t\t\t<div class=\"elementor-widget-container\">\n\t\t\t\t\t<h2 class=\"elementor-heading-title elementor-size-large\">Non-contact dimensional measurement<\/h2>\t\t\t\t<\/div>\n\t\t\t\t<\/div>\n\t\t\t\t<div class=\"elementor-element elementor-element-ab42253 elementor-widget elementor-widget-image\" data-id=\"ab42253\" data-element_type=\"widget\" data-widget_type=\"image.default\">\n\t\t\t\t<div class=\"elementor-widget-container\">\n\t\t\t\t\t\t\t\t\t\t\t\t\t\t\t\t<a href=\"http:\/\/visimatic.cz\/en\/bezdotykove-mereni-rozmeru\/\">\n\t\t\t\t\t\t\t<img fetchpriority=\"high\" decoding=\"async\" width=\"550\" height=\"400\" src=\"https:\/\/visimatic.cz\/wp-content\/uploads\/2021\/01\/Measuring-1-550x400.png\" class=\"attachment-sydney-medium-thumb size-sydney-medium-thumb wp-image-650\" alt=\"\" title=\"\">\t\t\t\t\t\t\t\t<\/a>\n\t\t\t\t\t\t\t\t\t\t\t\t\t\t\t<\/div>\n\t\t\t\t<\/div>\n\t\t\t\t<div class=\"elementor-element elementor-element-b3fa4d1 elementor-widget elementor-widget-text-editor\" data-id=\"b3fa4d1\" data-element_type=\"widget\" data-widget_type=\"text-editor.default\">\n\t\t\t\t<div class=\"elementor-widget-container\">\n\t\t\t\t\t\t\t\t\t<p>Non-contact dimensional measurement is an easy and very fast way to check product quality. With the right choice of camera system, accuracies of up to 0.01 mm can be achieved.\u00a0<\/p><p>The basis of optical, non-contact measurement is the precise localization of the edges of the measured dimensions, a sufficient number of sensor pixels per unit of the measured dimension and high-quality illumination.\u00a0<\/p><p><u><strong><span style=\"color: #000000;\"><a style=\"color: #000000;\" href=\"http:\/\/visimatic.cz\/en\/bezdotykove-mereni-rozmeru\/\">Non-contact dimensional measurement<\/a><\/span><\/strong><\/u> is most often used for:<\/p><ul><li>\u00a0automation of dimensional measurement in mass production<\/li><li>making operators' work faster and easier<\/li><li>easy and automatic archiving of measured dimensions and images\u00a0<\/li><\/ul>\t\t\t\t\t\t\t\t<\/div>\n\t\t\t\t<\/div>\n\t\t\t\t\t<\/div>\n\t\t<\/div>\n\t\t\t\t<div class=\"elementor-column elementor-col-50 elementor-inner-column elementor-element elementor-element-bfe42d1\" data-id=\"bfe42d1\" data-element_type=\"column\">\n\t\t\t<div class=\"elementor-widget-wrap elementor-element-populated\">\n\t\t\t\t\t\t<div class=\"elementor-element elementor-element-c031fbd elementor-widget elementor-widget-heading\" data-id=\"c031fbd\" data-element_type=\"widget\" data-widget_type=\"heading.default\">\n\t\t\t\t<div class=\"elementor-widget-container\">\n\t\t\t\t\t<h2 class=\"elementor-heading-title elementor-size-large\">Camera robot guidance<\/h2>\t\t\t\t<\/div>\n\t\t\t\t<\/div>\n\t\t\t\t<div class=\"elementor-element elementor-element-237a931 elementor-widget elementor-widget-image\" data-id=\"237a931\" data-element_type=\"widget\" data-widget_type=\"image.default\">\n\t\t\t\t<div class=\"elementor-widget-container\">\n\t\t\t\t\t\t\t\t\t\t\t\t\t\t\t\t<a href=\"http:\/\/visimatic.cz\/en\/kamerove-navadeni-robotu\/\">\n\t\t\t\t\t\t\t<img decoding=\"async\" width=\"550\" height=\"400\" src=\"https:\/\/visimatic.cz\/wp-content\/uploads\/2021\/01\/Roboticke_navadeni_clanek-550x400.jpg\" class=\"attachment-sydney-medium-thumb size-sydney-medium-thumb wp-image-1225\" alt=\"Kamerov\u00e9 nav\u00e1d\u011bn\u00ed robotu\" title=\"\" loading=\"lazy\">\t\t\t\t\t\t\t\t<\/a>\n\t\t\t\t\t\t\t\t\t\t\t\t\t\t\t<\/div>\n\t\t\t\t<\/div>\n\t\t\t\t<div class=\"elementor-element elementor-element-7eb3a1d elementor-widget elementor-widget-text-editor\" data-id=\"7eb3a1d\" data-element_type=\"widget\" data-widget_type=\"text-editor.default\">\n\t\t\t\t<div class=\"elementor-widget-container\">\n\t\t\t\t\t\t\t\t\t<p style=\"text-align: left;\">Machine vision can also be used for very reliable and precise guidance of robot to unknown oriented parts. The accuracy with which a randomly positioned and oriented part can be detected is up to \u00b1 0.05 mm. Camera guidance of the robot is used in cases of maximum automation - when there is no operator present in the process or for part establishment, or in cases where greater accuracy is required than a human can reliably and repeatedly offer.<\/p><p style=\"text-align: left;\"><span style=\"text-decoration: underline;\"><a style=\"background-color: #ffffff;\" href=\"http:\/\/visimatic.cz\/en\/kamerove-navadeni-robotu\/\"><strong><span style=\"color: #000000; text-decoration: underline;\">Camera robot guidance<\/span><\/strong><\/a><\/span> is most often used for:<\/p><ul><li>\u00a0pick &amp; place automation<\/li><li>increased accuracy and reliability compared to humans<\/li><li>increasing the variability and autonomy of the robotic workplace.<\/li><\/ul>\t\t\t\t\t\t\t\t<\/div>\n\t\t\t\t<\/div>\n\t\t\t\t\t<\/div>\n\t\t<\/div>\n\t\t\t\t\t<\/div>\n\t\t<\/section>\n\t\t\t\t\t<\/div>\n\t\t<\/div>\n\t\t\t\t\t<\/div>\n\t\t<\/section>\n\t\t\t\t<section class=\"elementor-section elementor-top-section elementor-element elementor-element-5736e87 elementor-section-boxed elementor-section-height-default elementor-section-height-default\" data-id=\"5736e87\" data-element_type=\"section\">\n\t\t\t\t\t\t<div class=\"elementor-container elementor-column-gap-default\">\n\t\t\t\t\t<div class=\"elementor-column elementor-col-100 elementor-top-column elementor-element elementor-element-770a409\" data-id=\"770a409\" data-element_type=\"column\">\n\t\t\t<div class=\"elementor-widget-wrap elementor-element-populated\">\n\t\t\t\t\t\t<div class=\"elementor-element elementor-element-e114cd8 elementor-widget-divider--view-line elementor-widget elementor-widget-divider\" data-id=\"e114cd8\" data-element_type=\"widget\" data-widget_type=\"divider.default\">\n\t\t\t\t<div class=\"elementor-widget-container\">\n\t\t\t\t\t\t\t<div class=\"elementor-divider\">\n\t\t\t<span class=\"elementor-divider-separator\">\n\t\t\t\t\t\t<\/span>\n\t\t<\/div>\n\t\t\t\t\t\t<\/div>\n\t\t\t\t<\/div>\n\t\t\t\t\t<\/div>\n\t\t<\/div>\n\t\t\t\t\t<\/div>\n\t\t<\/section>\n\t\t\t\t<section class=\"elementor-section elementor-top-section elementor-element elementor-element-6b8025e elementor-section-boxed elementor-section-height-default elementor-section-height-default\" data-id=\"6b8025e\" data-element_type=\"section\">\n\t\t\t\t\t\t<div class=\"elementor-container elementor-column-gap-default\">\n\t\t\t\t\t<div class=\"elementor-column elementor-col-100 elementor-top-column elementor-element elementor-element-9bf1f64\" data-id=\"9bf1f64\" data-element_type=\"column\">\n\t\t\t<div class=\"elementor-widget-wrap elementor-element-populated\">\n\t\t\t\t\t\t<section class=\"elementor-section elementor-inner-section elementor-element elementor-element-0eeb146 elementor-section-boxed elementor-section-height-default elementor-section-height-default\" data-id=\"0eeb146\" data-element_type=\"section\">\n\t\t\t\t\t\t<div class=\"elementor-container elementor-column-gap-default\">\n\t\t\t\t\t<div class=\"elementor-column elementor-col-50 elementor-inner-column elementor-element elementor-element-af989a4\" data-id=\"af989a4\" data-element_type=\"column\">\n\t\t\t<div class=\"elementor-widget-wrap elementor-element-populated\">\n\t\t\t\t\t\t<div class=\"elementor-element elementor-element-8609efc elementor-widget elementor-widget-heading\" data-id=\"8609efc\" data-element_type=\"widget\" data-widget_type=\"heading.default\">\n\t\t\t\t<div class=\"elementor-widget-container\">\n\t\t\t\t\t<h2 class=\"elementor-heading-title elementor-size-large\">Production completeness check<\/h2>\t\t\t\t<\/div>\n\t\t\t\t<\/div>\n\t\t\t\t<div class=\"elementor-element elementor-element-5ac5b54 elementor-widget elementor-widget-image\" data-id=\"5ac5b54\" data-element_type=\"widget\" data-widget_type=\"image.default\">\n\t\t\t\t<div class=\"elementor-widget-container\">\n\t\t\t\t\t\t\t\t\t\t\t\t\t\t\t\t<a href=\"http:\/\/visimatic.cz\/en\/kontrola-kompletnosti-vyrobku\/\">\n\t\t\t\t\t\t\t<img decoding=\"async\" width=\"550\" height=\"400\" src=\"https:\/\/visimatic.cz\/wp-content\/uploads\/2021\/01\/kompletnost_s-550x400.png\" class=\"attachment-sydney-medium-thumb size-sydney-medium-thumb wp-image-748\" alt=\"Kamerov\u00fd syst\u00e9m pro kontrolu kompletnosti d\u00edlu\" title=\"\" loading=\"lazy\">\t\t\t\t\t\t\t\t<\/a>\n\t\t\t\t\t\t\t\t\t\t\t\t\t\t\t<\/div>\n\t\t\t\t<\/div>\n\t\t\t\t<div class=\"elementor-element elementor-element-16b4b43 elementor-widget elementor-widget-text-editor\" data-id=\"16b4b43\" data-element_type=\"widget\" data-widget_type=\"text-editor.default\">\n\t\t\t\t<div class=\"elementor-widget-container\">\n\t\t\t\t\t\t\t\t\t<p>Product completeness checking is a necessary part of almost any production today. Many products are made up of multiple parts and it is necessary to carefully check that all components are in the correct position and of the required quality.<\/p><p>Camera inspection of the completeness of assemblies can also maximize the reliability of manual workstations where, in conjunction with the clamping mechanism, the completed part will not come loose until it contains all its components in the right place or the assembly is in the correct sequence.<\/p><p><strong><span style=\"text-decoration: underline;\"><span style=\"color: #000000;\"><a style=\"color: #000000; text-decoration: underline;\" href=\"http:\/\/visimatic.cz\/en\/kontrola-kompletnosti-vyrobku\/\">Production completeness check<\/a><\/span><\/span><\/strong> is most often used for:<\/p><ul><li>increasing the reliability of manual assembly workplaces<\/li><li>reduction of complaints from your customers<\/li><li>optimization of the assembly process and checking whether the assembly takes place in the prescribed order<\/li><\/ul>\t\t\t\t\t\t\t\t<\/div>\n\t\t\t\t<\/div>\n\t\t\t\t\t<\/div>\n\t\t<\/div>\n\t\t\t\t<div class=\"elementor-column elementor-col-50 elementor-inner-column elementor-element elementor-element-befcacc\" data-id=\"befcacc\" data-element_type=\"column\">\n\t\t\t<div class=\"elementor-widget-wrap elementor-element-populated\">\n\t\t\t\t\t\t<div class=\"elementor-element elementor-element-c91af33 elementor-widget elementor-widget-heading\" data-id=\"c91af33\" data-element_type=\"widget\" data-widget_type=\"heading.default\">\n\t\t\t\t<div class=\"elementor-widget-container\">\n\t\t\t\t\t<h2 class=\"elementor-heading-title elementor-size-large\">Neural Networks and Artificial Intelligence<\/h2>\t\t\t\t<\/div>\n\t\t\t\t<\/div>\n\t\t\t\t<div class=\"elementor-element elementor-element-e1a1df4 elementor-widget elementor-widget-image\" data-id=\"e1a1df4\" data-element_type=\"widget\" data-widget_type=\"image.default\">\n\t\t\t\t<div class=\"elementor-widget-container\">\n\t\t\t\t\t\t\t\t\t\t\t\t\t\t\t\t<a href=\"http:\/\/visimatic.cz\/en\/neuronove-site\/\">\n\t\t\t\t\t\t\t<img loading=\"lazy\" decoding=\"async\" width=\"550\" height=\"400\" src=\"https:\/\/visimatic.cz\/wp-content\/uploads\/2021\/01\/network-3424070-550x400.jpg\" class=\"attachment-sydney-medium-thumb size-sydney-medium-thumb wp-image-1279\" alt=\"\" title=\"\">\t\t\t\t\t\t\t\t<\/a>\n\t\t\t\t\t\t\t\t\t\t\t\t\t\t\t<\/div>\n\t\t\t\t<\/div>\n\t\t\t\t<div class=\"elementor-element elementor-element-3536d54 elementor-widget elementor-widget-text-editor\" data-id=\"3536d54\" data-element_type=\"widget\" data-widget_type=\"text-editor.default\">\n\t\t\t\t<div class=\"elementor-widget-container\">\n\t\t\t\t\t\t\t\t\t<p style=\"text-align: left;\">Using artificial intelligence and deep learning, neural networks make it possible to solve previously intractable quality control problems. While the classical approach relies mainly on the pre-known shapes and locations of the inspected areas and their defects, our trained neural networks are able to detect unpredictable defects at all locations of the inspected object.<\/p><p style=\"text-align: left;\"><a style=\"background-color: #ffffff;\" href=\"http:\/\/visimatic.cz\/en\/neuronove-site\/\"><span style=\"color: #000000;\"><strong><span style=\"text-decoration: underline;\">Neural networks and Deep learning<\/span><\/strong><\/span><\/a> is most often used for:<\/p><ul><li>\u00a0detection of unpredictable surface defects - corrosion, scratches, chips and various defects in metals, glass, wood and other materials<\/li><li>\u00a0distinguishing almost identical parts or shapes and checking the correct orientation of easily interchangeable parts.<\/li><li>checking for any deviation from the correct condition of the parts - the network learns the appearance of the correct product and automatically detects even minor deviations.<\/li><\/ul>\t\t\t\t\t\t\t\t<\/div>\n\t\t\t\t<\/div>\n\t\t\t\t\t<\/div>\n\t\t<\/div>\n\t\t\t\t\t<\/div>\n\t\t<\/section>\n\t\t\t\t\t<\/div>\n\t\t<\/div>\n\t\t\t\t\t<\/div>\n\t\t<\/section>\n\t\t\t\t<section class=\"elementor-section elementor-top-section elementor-element elementor-element-8217ba3 elementor-section-boxed elementor-section-height-default elementor-section-height-default\" data-id=\"8217ba3\" data-element_type=\"section\">\n\t\t\t\t\t\t<div class=\"elementor-container elementor-column-gap-default\">\n\t\t\t\t\t<div class=\"elementor-column elementor-col-100 elementor-top-column elementor-element elementor-element-908ef83\" data-id=\"908ef83\" data-element_type=\"column\">\n\t\t\t<div class=\"elementor-widget-wrap elementor-element-populated\">\n\t\t\t\t\t\t<div class=\"elementor-element elementor-element-1d0e681 elementor-widget-divider--view-line elementor-widget elementor-widget-divider\" data-id=\"1d0e681\" data-element_type=\"widget\" data-widget_type=\"divider.default\">\n\t\t\t\t<div class=\"elementor-widget-container\">\n\t\t\t\t\t\t\t<div class=\"elementor-divider\">\n\t\t\t<span class=\"elementor-divider-separator\">\n\t\t\t\t\t\t<\/span>\n\t\t<\/div>\n\t\t\t\t\t\t<\/div>\n\t\t\t\t<\/div>\n\t\t\t\t\t<\/div>\n\t\t<\/div>\n\t\t\t\t\t<\/div>\n\t\t<\/section>\n\t\t\t\t<section class=\"elementor-section elementor-top-section elementor-element elementor-element-b929bee elementor-section-boxed elementor-section-height-default elementor-section-height-default\" data-id=\"b929bee\" data-element_type=\"section\">\n\t\t\t\t\t\t<div class=\"elementor-container elementor-column-gap-default\">\n\t\t\t\t\t<div class=\"elementor-column elementor-col-100 elementor-top-column elementor-element elementor-element-029d6a8\" data-id=\"029d6a8\" data-element_type=\"column\">\n\t\t\t<div class=\"elementor-widget-wrap elementor-element-populated\">\n\t\t\t\t\t\t<section class=\"elementor-section elementor-inner-section elementor-element elementor-element-d0f3ead elementor-section-boxed elementor-section-height-default elementor-section-height-default\" data-id=\"d0f3ead\" data-element_type=\"section\">\n\t\t\t\t\t\t<div class=\"elementor-container elementor-column-gap-default\">\n\t\t\t\t\t<div class=\"elementor-column elementor-col-50 elementor-inner-column elementor-element elementor-element-f1b82c4\" data-id=\"f1b82c4\" data-element_type=\"column\">\n\t\t\t<div class=\"elementor-widget-wrap elementor-element-populated\">\n\t\t\t\t\t\t<div class=\"elementor-element elementor-element-cda4b7d elementor-widget elementor-widget-heading\" data-id=\"cda4b7d\" data-element_type=\"widget\" data-widget_type=\"heading.default\">\n\t\t\t\t<div class=\"elementor-widget-container\">\n\t\t\t\t\t<h2 class=\"elementor-heading-title elementor-size-large\">Object sorting<\/h2>\t\t\t\t<\/div>\n\t\t\t\t<\/div>\n\t\t\t\t<div class=\"elementor-element elementor-element-127e728 elementor-widget elementor-widget-image\" data-id=\"127e728\" data-element_type=\"widget\" data-widget_type=\"image.default\">\n\t\t\t\t<div class=\"elementor-widget-container\">\n\t\t\t\t\t\t\t\t\t\t\t\t\t\t\t\t<a href=\"http:\/\/visimatic.cz\/en\/trideni-vyrobku\/\">\n\t\t\t\t\t\t\t<img loading=\"lazy\" decoding=\"async\" width=\"1024\" height=\"683\" src=\"https:\/\/visimatic.cz\/wp-content\/uploads\/2020\/12\/apple-1632919_1920-1024x683.jpg\" class=\"attachment-large size-large wp-image-268\" alt=\"\" srcset=\"https:\/\/visimatic.cz\/wp-content\/uploads\/2020\/12\/apple-1632919_1920-1024x683.jpg 1024w, https:\/\/visimatic.cz\/wp-content\/uploads\/2020\/12\/apple-1632919_1920-300x200.jpg 300w, https:\/\/visimatic.cz\/wp-content\/uploads\/2020\/12\/apple-1632919_1920-768x512.jpg 768w, https:\/\/visimatic.cz\/wp-content\/uploads\/2020\/12\/apple-1632919_1920-1536x1024.jpg 1536w, https:\/\/visimatic.cz\/wp-content\/uploads\/2020\/12\/apple-1632919_1920-830x553.jpg 830w, https:\/\/visimatic.cz\/wp-content\/uploads\/2020\/12\/apple-1632919_1920-230x153.jpg 230w, https:\/\/visimatic.cz\/wp-content\/uploads\/2020\/12\/apple-1632919_1920-350x233.jpg 350w, https:\/\/visimatic.cz\/wp-content\/uploads\/2020\/12\/apple-1632919_1920-480x320.jpg 480w, https:\/\/visimatic.cz\/wp-content\/uploads\/2020\/12\/apple-1632919_1920.jpg 1920w\" sizes=\"(max-width: 1024px) 100vw, 1024px\" title=\"\">\t\t\t\t\t\t\t\t<\/a>\n\t\t\t\t\t\t\t\t\t\t\t\t\t\t\t<\/div>\n\t\t\t\t<\/div>\n\t\t\t\t<div class=\"elementor-element elementor-element-980a9f4 elementor-widget elementor-widget-text-editor\" data-id=\"980a9f4\" data-element_type=\"widget\" data-widget_type=\"text-editor.default\">\n\t\t\t\t<div class=\"elementor-widget-container\">\n\t\t\t\t\t\t\t\t\t<p>Machine vision can also be used for extremely fast <span style=\"text-decoration: underline;\"><strong><span style=\"color: #000000;\"><a style=\"color: #000000; text-decoration: underline;\" href=\"http:\/\/visimatic.cz\/en\/trideni-vyrobku\/\">Object sorting<\/a><\/span><\/strong><\/span> T\u0159\u00edd\u011bn\u00ed a klasifikace m\u016f\u017ee prob\u00edhat na z\u00e1klad\u011b libovoln\u00fdch vizu\u00e1ln\u00edch parametr\u016f &#8211; barva, tvar, logo, velikost&#8230;<\/p><p>Products can be sorted not only into quality and poor quality, but also into various predefined quality classes - it's up to you.<\/p>\t\t\t\t\t\t\t\t<\/div>\n\t\t\t\t<\/div>\n\t\t\t\t\t<\/div>\n\t\t<\/div>\n\t\t\t\t<div class=\"elementor-column elementor-col-50 elementor-inner-column elementor-element elementor-element-f4d932f\" data-id=\"f4d932f\" data-element_type=\"column\">\n\t\t\t<div class=\"elementor-widget-wrap elementor-element-populated\">\n\t\t\t\t\t\t<div class=\"elementor-element elementor-element-b87cb8b elementor-widget elementor-widget-heading\" data-id=\"b87cb8b\" data-element_type=\"widget\" data-widget_type=\"heading.default\">\n\t\t\t\t<div class=\"elementor-widget-container\">\n\t\t\t\t\t<h2 class=\"elementor-heading-title elementor-size-large\">Check marking and text (OCR)<\/h2>\t\t\t\t<\/div>\n\t\t\t\t<\/div>\n\t\t\t\t<div class=\"elementor-element elementor-element-c7a6dfe elementor-widget elementor-widget-image\" data-id=\"c7a6dfe\" data-element_type=\"widget\" data-widget_type=\"image.default\">\n\t\t\t\t<div class=\"elementor-widget-container\">\n\t\t\t\t\t\t\t\t\t\t\t\t\t\t\t<img loading=\"lazy\" decoding=\"async\" width=\"350\" height=\"339\" src=\"https:\/\/visimatic.cz\/wp-content\/uploads\/2021\/01\/Codes-e1611162980935-350x339.jpg\" class=\"attachment-sydney-service-thumb size-sydney-service-thumb wp-image-1235\" alt=\"QR, DMC, EAN, EAN 13, BAR CODE\" srcset=\"https:\/\/visimatic.cz\/wp-content\/uploads\/2021\/01\/Codes-e1611162980935-350x339.jpg 350w, https:\/\/visimatic.cz\/wp-content\/uploads\/2021\/01\/Codes-e1611162980935-300x290.jpg 300w, https:\/\/visimatic.cz\/wp-content\/uploads\/2021\/01\/Codes-e1611162980935-1024x991.jpg 1024w, https:\/\/visimatic.cz\/wp-content\/uploads\/2021\/01\/Codes-e1611162980935-768x743.jpg 768w, https:\/\/visimatic.cz\/wp-content\/uploads\/2021\/01\/Codes-e1611162980935-1536x1486.jpg 1536w, https:\/\/visimatic.cz\/wp-content\/uploads\/2021\/01\/Codes-e1611162980935-830x803.jpg 830w, https:\/\/visimatic.cz\/wp-content\/uploads\/2021\/01\/Codes-e1611162980935-230x223.jpg 230w, https:\/\/visimatic.cz\/wp-content\/uploads\/2021\/01\/Codes-e1611162980935-480x465.jpg 480w, https:\/\/visimatic.cz\/wp-content\/uploads\/2021\/01\/Codes-e1611162980935.jpg 1860w\" sizes=\"(max-width: 350px) 100vw, 350px\" title=\"\">\t\t\t\t\t\t\t\t\t\t\t\t\t\t\t<\/div>\n\t\t\t\t<\/div>\n\t\t\t\t<div class=\"elementor-element elementor-element-8f31a58 elementor-widget elementor-widget-text-editor\" data-id=\"8f31a58\" data-element_type=\"widget\" data-widget_type=\"text-editor.default\">\n\t\t\t\t<div class=\"elementor-widget-container\">\n\t\t\t\t\t\t\t\t\t<p>Using industrial cameras, we can not only check the quality of all codes used on the market, but also read the information contained in them and send it to the control system. With us, no duplicate or illegible markings will be missed.<\/p><p>Thanks to our software, we can read any marked codes even at an angle and in adverse conditions. Our software transforms a code marked or glued at an angle into a plane and checks it.<\/p>\t\t\t\t\t\t\t\t<\/div>\n\t\t\t\t<\/div>\n\t\t\t\t\t<\/div>\n\t\t<\/div>\n\t\t\t\t\t<\/div>\n\t\t<\/section>\n\t\t\t\t\t<\/div>\n\t\t<\/div>\n\t\t\t\t\t<\/div>\n\t\t<\/section>\n\t\t\t\t<\/div>","protected":false},"excerpt":{"rendered":"<p>P\u0159ehled typick\u00fdch aplikac\u00ed Bezkontaktn\u00ed m\u011b\u0159en\u00ed rozm\u011br\u016f Bezkontaktn\u00ed m\u011b\u0159en\u00ed rozm\u011br\u016f je snadn\u00fd a velice rychl\u00fd zp\u016fsob kontroly kvality produkt\u016f. P\u0159i vhodn\u00e9 volb\u011b kamerov\u00e9ho [&hellip;]<\/p>","protected":false},"author":1,"featured_media":0,"parent":0,"menu_order":0,"comment_status":"closed","ping_status":"closed","template":"elementor_header_footer","meta":{"footnotes":""},"class_list":["post-256","page","type-page","status-publish","hentry"],"_links":{"self":[{"href":"https:\/\/visimatic.cz\/en\/wp-json\/wp\/v2\/pages\/256","targetHints":{"allow":["GET"]}}],"collection":[{"href":"https:\/\/visimatic.cz\/en\/wp-json\/wp\/v2\/pages"}],"about":[{"href":"https:\/\/visimatic.cz\/en\/wp-json\/wp\/v2\/types\/page"}],"author":[{"embeddable":true,"href":"https:\/\/visimatic.cz\/en\/wp-json\/wp\/v2\/users\/1"}],"replies":[{"embeddable":true,"href":"https:\/\/visimatic.cz\/en\/wp-json\/wp\/v2\/comments?post=256"}],"version-history":[{"count":306,"href":"https:\/\/visimatic.cz\/en\/wp-json\/wp\/v2\/pages\/256\/revisions"}],"predecessor-version":[{"id":3048,"href":"https:\/\/visimatic.cz\/en\/wp-json\/wp\/v2\/pages\/256\/revisions\/3048"}],"wp:attachment":[{"href":"https:\/\/visimatic.cz\/en\/wp-json\/wp\/v2\/media?parent=256"}],"curies":[{"name":"wp","href":"https:\/\/api.w.org\/{rel}","templated":true}]}}