{"id":362,"date":"2020-12-28T18:09:11","date_gmt":"2020-12-28T18:09:11","guid":{"rendered":"http:\/\/svetlezitrky.tech\/?page_id=362"},"modified":"2021-08-04T13:13:58","modified_gmt":"2021-08-04T13:13:58","slug":"kamerove-navadeni-robotu","status":"publish","type":"page","link":"https:\/\/visimatic.cz\/en\/kamerove-navadeni-robotu\/","title":{"rendered":"Camera robot guidance"},"content":{"rendered":"<div data-elementor-type=\"wp-page\" data-elementor-id=\"362\" class=\"elementor elementor-362\">\n\t\t\t\t\t\t<section class=\"elementor-section elementor-top-section elementor-element elementor-element-4eab18e elementor-section-boxed elementor-section-height-default elementor-section-height-default\" data-id=\"4eab18e\" data-element_type=\"section\">\n\t\t\t\t\t\t<div class=\"elementor-container elementor-column-gap-default\">\n\t\t\t\t\t<div class=\"elementor-column elementor-col-100 elementor-top-column elementor-element elementor-element-92bb445\" data-id=\"92bb445\" data-element_type=\"column\">\n\t\t\t<div class=\"elementor-widget-wrap elementor-element-populated\">\n\t\t\t\t\t\t<div class=\"elementor-element elementor-element-0c78c9a elementor-widget elementor-widget-heading\" data-id=\"0c78c9a\" data-element_type=\"widget\" data-widget_type=\"heading.default\">\n\t\t\t\t<div class=\"elementor-widget-container\">\n\t\t\t\t\t<h2 class=\"elementor-heading-title elementor-size-default\">Camera robot guidance<\/h2>\t\t\t\t<\/div>\n\t\t\t\t<\/div>\n\t\t\t\t<div class=\"elementor-element elementor-element-431bf9e elementor-widget elementor-widget-text-editor\" data-id=\"431bf9e\" data-element_type=\"widget\" data-widget_type=\"text-editor.default\">\n\t\t\t\t<div class=\"elementor-widget-container\">\n\t\t\t\t\t\t\t\t\t<div data-id=\"7eb3a1d\" data-element_type=\"widget\" data-widget_type=\"text-editor.default\"><div><div><p>Camera vision can also be used for very reliable and accurate robot guidance on <strong>unoriented<\/strong> parts, the accuracy of position detection is normally up to <strong>0,05 mm<\/strong>. Which is comparable to the repeatability of most robots. It is thanks to this possibility that industrial cameras are finding their place in the field of robotics. Thanks to the combination of camera vision and robot, even randomly oriented products that are on a conveyor belt, for example, can be reliably gripped and positioned.\u00a0<\/p><p>The advantage of this concept is the absence of the need for various slides and fixtures to orient the products. Since they could be quite expensive to produce in certain cases and since there is some variability in production, this approach could be much more costly than automation using machine vision. In the case of solving this problem with industrial cameras, sensors and software, the variability of production and the possibilities for additional adjustments are many times greater, making the investment in this solution more certain.<\/p><\/div><\/div><\/div>\t\t\t\t\t\t\t\t<\/div>\n\t\t\t\t<\/div>\n\t\t\t\t\t<\/div>\n\t\t<\/div>\n\t\t\t\t\t<\/div>\n\t\t<\/section>\n\t\t\t\t<section class=\"elementor-section elementor-top-section elementor-element elementor-element-f5aa40e elementor-section-boxed elementor-section-height-default elementor-section-height-default\" data-id=\"f5aa40e\" data-element_type=\"section\">\n\t\t\t\t\t\t<div class=\"elementor-container elementor-column-gap-default\">\n\t\t\t\t\t<div class=\"elementor-column elementor-col-100 elementor-top-column elementor-element elementor-element-0662678\" data-id=\"0662678\" data-element_type=\"column\">\n\t\t\t<div class=\"elementor-widget-wrap elementor-element-populated\">\n\t\t\t\t\t\t<div class=\"elementor-element elementor-element-18bc8fd elementor-widget elementor-widget-image\" data-id=\"18bc8fd\" data-element_type=\"widget\" data-widget_type=\"image.default\">\n\t\t\t\t<div class=\"elementor-widget-container\">\n\t\t\t\t\t\t\t\t\t\t\t\t\t\t\t<img fetchpriority=\"high\" decoding=\"async\" width=\"768\" height=\"527\" src=\"https:\/\/visimatic.cz\/wp-content\/uploads\/2021\/01\/Roboticke_navadeni_clanek-768x527.jpg\" class=\"attachment-medium_large size-medium_large wp-image-1225\" alt=\"Kamerov\u00e9 nav\u00e1d\u011bn\u00ed robotu\" srcset=\"https:\/\/visimatic.cz\/wp-content\/uploads\/2021\/01\/Roboticke_navadeni_clanek-768x527.jpg 768w, https:\/\/visimatic.cz\/wp-content\/uploads\/2021\/01\/Roboticke_navadeni_clanek-300x206.jpg 300w, https:\/\/visimatic.cz\/wp-content\/uploads\/2021\/01\/Roboticke_navadeni_clanek-1024x703.jpg 1024w, https:\/\/visimatic.cz\/wp-content\/uploads\/2021\/01\/Roboticke_navadeni_clanek-1536x1055.jpg 1536w, https:\/\/visimatic.cz\/wp-content\/uploads\/2021\/01\/Roboticke_navadeni_clanek-2048x1406.jpg 2048w, https:\/\/visimatic.cz\/wp-content\/uploads\/2021\/01\/Roboticke_navadeni_clanek-830x570.jpg 830w, https:\/\/visimatic.cz\/wp-content\/uploads\/2021\/01\/Roboticke_navadeni_clanek-230x158.jpg 230w, https:\/\/visimatic.cz\/wp-content\/uploads\/2021\/01\/Roboticke_navadeni_clanek-350x240.jpg 350w, https:\/\/visimatic.cz\/wp-content\/uploads\/2021\/01\/Roboticke_navadeni_clanek-480x330.jpg 480w\" sizes=\"(max-width: 768px) 100vw, 768px\" title=\"\">\t\t\t\t\t\t\t\t\t\t\t\t\t\t\t<\/div>\n\t\t\t\t<\/div>\n\t\t\t\t\t<\/div>\n\t\t<\/div>\n\t\t\t\t\t<\/div>\n\t\t<\/section>\n\t\t\t\t<section class=\"elementor-section elementor-top-section elementor-element elementor-element-bdad8f4 elementor-section-boxed elementor-section-height-default elementor-section-height-default\" data-id=\"bdad8f4\" data-element_type=\"section\">\n\t\t\t\t\t\t<div class=\"elementor-container elementor-column-gap-default\">\n\t\t\t\t\t<div class=\"elementor-column elementor-col-100 elementor-top-column elementor-element elementor-element-2267970\" data-id=\"2267970\" data-element_type=\"column\">\n\t\t\t<div class=\"elementor-widget-wrap elementor-element-populated\">\n\t\t\t\t\t\t<div class=\"elementor-element elementor-element-2b57616 elementor-widget elementor-widget-text-editor\" data-id=\"2b57616\" data-element_type=\"widget\" data-widget_type=\"text-editor.default\">\n\t\t\t\t<div class=\"elementor-widget-container\">\n\t\t\t\t\t\t\t\t\t<p>The camera guidance of the robot can be divided into two types. The first and simpler solution is the so-called. <b>2D picking<\/b> - the products are only on one plane and are not stacked on top of each other. This option is quite popular in industrial automation as it is not too costly and at the same time it is a sufficiently high quality solution in most automation cases. For 2D picking solutions, mostly classic industrial cameras and industrial lighting are used.<\/p>\n<p>A more complex variant is then <b>3D bin picking<\/b>where the searched products are randomly oriented in a crate or box and are lying on top of each other. This concept is already quite complex and costly and is rarely used in high volume applications where a return on investment can be achieved. For 3d bin picking solutions, not only industrial cameras are usually used, but 3D scanners and other highly specialized equipment.<\/p>\t\t\t\t\t\t\t\t<\/div>\n\t\t\t\t<\/div>\n\t\t\t\t<div class=\"elementor-element elementor-element-0c17dfc elementor-widget-divider--view-line elementor-widget elementor-widget-divider\" data-id=\"0c17dfc\" data-element_type=\"widget\" data-widget_type=\"divider.default\">\n\t\t\t\t<div class=\"elementor-widget-container\">\n\t\t\t\t\t\t\t<div class=\"elementor-divider\">\n\t\t\t<span class=\"elementor-divider-separator\">\n\t\t\t\t\t\t<\/span>\n\t\t<\/div>\n\t\t\t\t\t\t<\/div>\n\t\t\t\t<\/div>\n\t\t\t\t\t<\/div>\n\t\t<\/div>\n\t\t\t\t\t<\/div>\n\t\t<\/section>\n\t\t\t\t<section class=\"elementor-section elementor-top-section elementor-element elementor-element-4a67e24 elementor-section-boxed elementor-section-height-default elementor-section-height-default\" data-id=\"4a67e24\" data-element_type=\"section\">\n\t\t\t\t\t\t<div class=\"elementor-container elementor-column-gap-default\">\n\t\t\t\t\t<div class=\"elementor-column elementor-col-100 elementor-top-column elementor-element elementor-element-4d90a48\" data-id=\"4d90a48\" data-element_type=\"column\">\n\t\t\t<div class=\"elementor-widget-wrap elementor-element-populated\">\n\t\t\t\t\t\t<div class=\"elementor-element elementor-element-249a2c4 elementor-widget elementor-widget-heading\" data-id=\"249a2c4\" data-element_type=\"widget\" data-widget_type=\"heading.default\">\n\t\t\t\t<div class=\"elementor-widget-container\">\n\t\t\t\t\t<h2 class=\"elementor-heading-title elementor-size-default\">Example of a solution - packing products into boxes<\/h2>\t\t\t\t<\/div>\n\t\t\t\t<\/div>\n\t\t\t\t\t<\/div>\n\t\t<\/div>\n\t\t\t\t\t<\/div>\n\t\t<\/section>\n\t\t\t\t<section class=\"elementor-section elementor-top-section elementor-element elementor-element-78231af elementor-section-boxed elementor-section-height-default elementor-section-height-default\" data-id=\"78231af\" data-element_type=\"section\">\n\t\t\t\t\t\t<div class=\"elementor-container elementor-column-gap-default\">\n\t\t\t\t\t<div class=\"elementor-column elementor-col-100 elementor-top-column elementor-element elementor-element-2817a0b\" data-id=\"2817a0b\" data-element_type=\"column\">\n\t\t\t<div class=\"elementor-widget-wrap elementor-element-populated\">\n\t\t\t\t\t\t<div class=\"elementor-element elementor-element-4712682 elementor-widget elementor-widget-text-editor\" data-id=\"4712682\" data-element_type=\"widget\" data-widget_type=\"text-editor.default\">\n\t\t\t\t<div class=\"elementor-widget-container\">\n\t\t\t\t\t\t\t\t\t<p>Randomly distributed and non-oriented products moving along the conveyor belt must be placed in the correct quantity in boxes and at the same time their quality must be checked. In this case it is <b>2D belt picking<\/b>where the search objects do not overlap each other. This is a typical wrapping application where speed and reliability are of utmost importance. Industrial cameras scan the moving conveyor belt and when a product is detected, they locate it and determine its position and rotation relative to a reference point (which is common to both the robot and the camera), while at the same time qualitative characteristics such as: dimensions, shape, color, or the presence of smaller components on larger parts can be determined. This information is then passed to the robot's control system, which then grabs the searched object and moves it into the box.<\/p>\t\t\t\t\t\t\t\t<\/div>\n\t\t\t\t<\/div>\n\t\t\t\t\t<\/div>\n\t\t<\/div>\n\t\t\t\t\t<\/div>\n\t\t<\/section>\n\t\t\t\t<section class=\"elementor-section elementor-top-section elementor-element elementor-element-f92b3b9 elementor-section-boxed elementor-section-height-default elementor-section-height-default\" data-id=\"f92b3b9\" data-element_type=\"section\">\n\t\t\t\t\t\t<div class=\"elementor-container elementor-column-gap-default\">\n\t\t\t\t\t<div class=\"elementor-column elementor-col-100 elementor-top-column elementor-element elementor-element-5eb3dc1\" data-id=\"5eb3dc1\" data-element_type=\"column\">\n\t\t\t<div class=\"elementor-widget-wrap elementor-element-populated\">\n\t\t\t\t\t\t<div class=\"elementor-element elementor-element-475eb7c elementor-widget elementor-widget-image\" data-id=\"475eb7c\" data-element_type=\"widget\" data-widget_type=\"image.default\">\n\t\t\t\t<div class=\"elementor-widget-container\">\n\t\t\t\t\t\t\t\t\t\t\t\t<figure class=\"wp-caption\">\n\t\t\t\t\t\t\t\t\t\t<img decoding=\"async\" width=\"945\" height=\"493\" src=\"https:\/\/visimatic.cz\/wp-content\/uploads\/2021\/07\/navadeni_robotu.png\" class=\"attachment-large size-large wp-image-1843\" alt=\"kamerov\u00e9 nav\u00e1d\u011bn\u00ed robotu\" srcset=\"https:\/\/visimatic.cz\/wp-content\/uploads\/2021\/07\/navadeni_robotu.png 945w, https:\/\/visimatic.cz\/wp-content\/uploads\/2021\/07\/navadeni_robotu-300x157.png 300w, https:\/\/visimatic.cz\/wp-content\/uploads\/2021\/07\/navadeni_robotu-768x401.png 768w, https:\/\/visimatic.cz\/wp-content\/uploads\/2021\/07\/navadeni_robotu-830x433.png 830w, https:\/\/visimatic.cz\/wp-content\/uploads\/2021\/07\/navadeni_robotu-230x120.png 230w, https:\/\/visimatic.cz\/wp-content\/uploads\/2021\/07\/navadeni_robotu-350x183.png 350w, https:\/\/visimatic.cz\/wp-content\/uploads\/2021\/07\/navadeni_robotu-480x250.png 480w\" sizes=\"(max-width: 945px) 100vw, 945px\" title=\"\" loading=\"lazy\">\t\t\t\t\t\t\t\t\t\t\t<figcaption class=\"widget-image-caption wp-caption-text\"><\/figcaption>\n\t\t\t\t\t\t\t\t\t\t<\/figure>\n\t\t\t\t\t\t\t\t\t<\/div>\n\t\t\t\t<\/div>\n\t\t\t\t\t<\/div>\n\t\t<\/div>\n\t\t\t\t\t<\/div>\n\t\t<\/section>\n\t\t\t\t<\/div>","protected":false},"excerpt":{"rendered":"<p>Kamerov\u00e9 nav\u00e1d\u011bn\u00ed robotu Kamerov\u00e9 vid\u011bn\u00ed lze vyu\u017eit i pro velice spolehliv\u00e9 a p\u0159esn\u00e9 nav\u00e1d\u011bn\u00ed robotu na neorientovan\u00e9 d\u00edly, p\u0159esnost detekce pozice je [&hellip;]<\/p>","protected":false},"author":1,"featured_media":0,"parent":0,"menu_order":0,"comment_status":"closed","ping_status":"closed","template":"elementor_header_footer","meta":{"footnotes":""},"class_list":["post-362","page","type-page","status-publish","hentry"],"_links":{"self":[{"href":"https:\/\/visimatic.cz\/en\/wp-json\/wp\/v2\/pages\/362","targetHints":{"allow":["GET"]}}],"collection":[{"href":"https:\/\/visimatic.cz\/en\/wp-json\/wp\/v2\/pages"}],"about":[{"href":"https:\/\/visimatic.cz\/en\/wp-json\/wp\/v2\/types\/page"}],"author":[{"embeddable":true,"href":"https:\/\/visimatic.cz\/en\/wp-json\/wp\/v2\/users\/1"}],"replies":[{"embeddable":true,"href":"https:\/\/visimatic.cz\/en\/wp-json\/wp\/v2\/comments?post=362"}],"version-history":[{"count":123,"href":"https:\/\/visimatic.cz\/en\/wp-json\/wp\/v2\/pages\/362\/revisions"}],"predecessor-version":[{"id":2282,"href":"https:\/\/visimatic.cz\/en\/wp-json\/wp\/v2\/pages\/362\/revisions\/2282"}],"wp:attachment":[{"href":"https:\/\/visimatic.cz\/en\/wp-json\/wp\/v2\/media?parent=362"}],"curies":[{"name":"wp","href":"https:\/\/api.w.org\/{rel}","templated":true}]}}