{"id":462,"date":"2020-12-28T21:11:06","date_gmt":"2020-12-28T21:11:06","guid":{"rendered":"http:\/\/svetlezitrky.tech\/?page_id=462"},"modified":"2023-07-15T11:49:22","modified_gmt":"2023-07-15T11:49:22","slug":"neuronove-site","status":"publish","type":"page","link":"https:\/\/visimatic.cz\/en\/neuronove-site\/","title":{"rendered":"Neural networks and Deep learning"},"content":{"rendered":"<div data-elementor-type=\"wp-page\" data-elementor-id=\"462\" class=\"elementor elementor-462\">\n\t\t\t\t\t\t<section class=\"elementor-section elementor-top-section elementor-element elementor-element-4eab18e elementor-section-boxed elementor-section-height-default elementor-section-height-default\" data-id=\"4eab18e\" data-element_type=\"section\">\n\t\t\t\t\t\t<div class=\"elementor-container elementor-column-gap-default\">\n\t\t\t\t\t<div class=\"elementor-column elementor-col-100 elementor-top-column elementor-element elementor-element-92bb445\" data-id=\"92bb445\" data-element_type=\"column\">\n\t\t\t<div class=\"elementor-widget-wrap elementor-element-populated\">\n\t\t\t\t\t\t<div class=\"elementor-element elementor-element-0c78c9a elementor-widget elementor-widget-heading\" data-id=\"0c78c9a\" data-element_type=\"widget\" data-widget_type=\"heading.default\">\n\t\t\t\t<div class=\"elementor-widget-container\">\n\t\t\t\t\t<h2 class=\"elementor-heading-title elementor-size-default\">Neural networks and Deep learning<\/h2>\t\t\t\t<\/div>\n\t\t\t\t<\/div>\n\t\t\t\t<div class=\"elementor-element elementor-element-431bf9e elementor-widget elementor-widget-text-editor\" data-id=\"431bf9e\" data-element_type=\"widget\" data-widget_type=\"text-editor.default\">\n\t\t\t\t<div class=\"elementor-widget-container\">\n\t\t\t\t\t\t\t\t\t<p>Machine vision combined with <strong>neural networks<\/strong> and <strong>artificial intelligence<\/strong> can solve previously unsolvable problems.\u00a0 Our neural network-enhanced vision systems for the most demanding applications think like a human in principle, but evaluate product quality with the extreme speed, accuracy and relentlessness of a machine.&nbsp;<\/p>\n<p>The control system for evaluating the quality of a given product is trained in a similar way to training a new employee. The machine vision system learns what is considered a defect or defect in the product, what colors or shapes this defect may have based on the product samples that are presented, which are both high and low quality, and then can reliably detect these defects in various places in the product. For each product, the system evaluates the size, location and type of defect. Then, based on the tolerances you specify, a decision will be made as to whether the product is of good or poor quality.<\/p>\n<p><b>Neural networks are most commonly used for:<\/b><\/p>\n<ul>\n<li>&nbsp;<b>detection of unpredictable surface defects<\/b> - corrosion, scratches, chips and various defects in metals, glass, wood and other materials<\/li>\n<li>&nbsp;<b>differentiation of almost identical parts or shapes<\/b> and checking the correct orientation of easily interchangeable parts.<\/li>\n<li><b>checking for any deviation from the correct condition of the parts<\/b> - the system learns the appearance of the correct product and automatically detects even minor deviations from the sample piece.<\/li>\n<\/ul>\t\t\t\t\t\t\t\t<\/div>\n\t\t\t\t<\/div>\n\t\t\t\t\t<\/div>\n\t\t<\/div>\n\t\t\t\t\t<\/div>\n\t\t<\/section>\n\t\t\t\t<section class=\"elementor-section elementor-top-section elementor-element elementor-element-948635a elementor-section-boxed elementor-section-height-default elementor-section-height-default\" data-id=\"948635a\" data-element_type=\"section\">\n\t\t\t\t\t\t<div class=\"elementor-container elementor-column-gap-default\">\n\t\t\t\t\t<div class=\"elementor-column elementor-col-100 elementor-top-column elementor-element elementor-element-2ffc161\" data-id=\"2ffc161\" data-element_type=\"column\">\n\t\t\t<div class=\"elementor-widget-wrap elementor-element-populated\">\n\t\t\t\t\t\t<div class=\"elementor-element elementor-element-d776328 elementor-widget-divider--view-line elementor-widget elementor-widget-divider\" data-id=\"d776328\" data-element_type=\"widget\" data-widget_type=\"divider.default\">\n\t\t\t\t<div class=\"elementor-widget-container\">\n\t\t\t\t\t\t\t<div class=\"elementor-divider\">\n\t\t\t<span class=\"elementor-divider-separator\">\n\t\t\t\t\t\t<\/span>\n\t\t<\/div>\n\t\t\t\t\t\t<\/div>\n\t\t\t\t<\/div>\n\t\t\t\t<div class=\"elementor-element elementor-element-1ca5af4 elementor-widget elementor-widget-heading\" data-id=\"1ca5af4\" data-element_type=\"widget\" data-widget_type=\"heading.default\">\n\t\t\t\t<div class=\"elementor-widget-container\">\n\t\t\t\t\t<h2 class=\"elementor-heading-title elementor-size-default\">Detection of surface defects in wood<\/h2>\t\t\t\t<\/div>\n\t\t\t\t<\/div>\n\t\t\t\t\t<\/div>\n\t\t<\/div>\n\t\t\t\t\t<\/div>\n\t\t<\/section>\n\t\t\t\t<section class=\"elementor-section elementor-top-section elementor-element elementor-element-3effc70 elementor-section-boxed elementor-section-height-default elementor-section-height-default\" data-id=\"3effc70\" data-element_type=\"section\">\n\t\t\t\t\t\t<div class=\"elementor-container elementor-column-gap-default\">\n\t\t\t\t\t<div class=\"elementor-column elementor-col-100 elementor-top-column elementor-element elementor-element-0d0be6a\" data-id=\"0d0be6a\" data-element_type=\"column\">\n\t\t\t<div class=\"elementor-widget-wrap elementor-element-populated\">\n\t\t\t\t\t\t<div class=\"elementor-element elementor-element-152dbc4 elementor-widget elementor-widget-text-editor\" data-id=\"152dbc4\" data-element_type=\"widget\" data-widget_type=\"text-editor.default\">\n\t\t\t\t<div class=\"elementor-widget-container\">\n\t\t\t\t\t\t\t\t\t<p>Neural networks and artificial intelligence are absolutely perfect tools for checking the quality of the wood surface, where you can check, for example, the presence of knots, staining, chipping or any other defects.<\/p><p>Na obr\u00e1zku n\u00ed\u017ee m\u016f\u017eete vid\u011bt uk\u00e1zku lokalizace suk\u016f a jin\u00fdch tmav\u00fdch m\u00edst na d\u0159ev\u011bn\u00fdch prknech. V n\u00e1sleduj\u00edc\u00edch kroc\u00edch kontroly kvality by do\u0161lo k vyhodnocen\u00ed polohy a velikosti vad a na z\u00e1klad\u011b t\u011bchto parametr\u016f k rozt\u0159\u00edd\u011bn\u00ed do t\u0159\u00edd kvality dle v\u00e1mi nastaven\u00fdch toleranc\u00ed.<\/p>\t\t\t\t\t\t\t\t<\/div>\n\t\t\t\t<\/div>\n\t\t\t\t\t<\/div>\n\t\t<\/div>\n\t\t\t\t\t<\/div>\n\t\t<\/section>\n\t\t\t\t<section class=\"elementor-section elementor-top-section elementor-element elementor-element-2eace46 elementor-section-height-min-height elementor-section-boxed elementor-section-height-default elementor-section-items-middle\" data-id=\"2eace46\" data-element_type=\"section\">\n\t\t\t\t\t\t<div class=\"elementor-container elementor-column-gap-default\">\n\t\t\t\t\t<div class=\"elementor-column elementor-col-100 elementor-top-column elementor-element elementor-element-5e4687e\" data-id=\"5e4687e\" data-element_type=\"column\">\n\t\t\t<div class=\"elementor-widget-wrap elementor-element-populated\">\n\t\t\t\t\t\t<div class=\"elementor-element elementor-element-e11e657 elementor-widget elementor-widget-wb-before-after-image-slider-elementor\" data-id=\"e11e657\" data-element_type=\"widget\" data-widget_type=\"wb-before-after-image-slider-elementor.default\">\n\t\t\t\t<div class=\"elementor-widget-container\">\n\t\t\t\t\t\t\t<div class=\"wb_ebais_twentytwenty_container twentytwenty-container\" id=\"wb_before_after_e11e657\">\r\n\t\t\t<span class='before_text'>Before<\/span>\r\n\t\t\t<span class='after_text'>After<\/span>\r\n<img fetchpriority=\"high\" decoding=\"async\" width=\"960\" height=\"720\" src=\"https:\/\/visimatic.cz\/wp-content\/uploads\/2021\/01\/suky_drevo_nezpracovane1.png\" class=\"attachment-full size-full wp-image-554\" alt=\"Suky na d\u0159ev\u011b\" title=\"\"><img decoding=\"async\" width=\"960\" height=\"720\" src=\"https:\/\/visimatic.cz\/wp-content\/uploads\/2021\/01\/suky_drevo_zpracovane1.png\" class=\"attachment-full size-full wp-image-555\" alt=\"Detekce vad ve d\u0159ev\u011b\" title=\"\" loading=\"lazy\">\t\t<\/div>\r\n\t\t<style>\r\n\t\t\t#wb_before_after_e11e657{\r\n\t\t\t\tmax-width: auto;\r\n\t\t\t}\r\n\t\t<\/style>\r\n\t\t\t\t<\/div>\n\t\t\t\t<\/div>\n\t\t\t\t\t<\/div>\n\t\t<\/div>\n\t\t\t\t\t<\/div>\n\t\t<\/section>\n\t\t\t\t<section class=\"elementor-section elementor-top-section elementor-element elementor-element-4a67e24 elementor-section-boxed elementor-section-height-default elementor-section-height-default\" data-id=\"4a67e24\" data-element_type=\"section\">\n\t\t\t\t\t\t<div class=\"elementor-container elementor-column-gap-default\">\n\t\t\t\t\t<div class=\"elementor-column elementor-col-100 elementor-top-column elementor-element elementor-element-4d90a48\" data-id=\"4d90a48\" data-element_type=\"column\">\n\t\t\t<div class=\"elementor-widget-wrap elementor-element-populated\">\n\t\t\t\t\t\t<div class=\"elementor-element elementor-element-a27abd6 elementor-widget-divider--view-line elementor-widget elementor-widget-divider\" data-id=\"a27abd6\" data-element_type=\"widget\" data-widget_type=\"divider.default\">\n\t\t\t\t<div class=\"elementor-widget-container\">\n\t\t\t\t\t\t\t<div class=\"elementor-divider\">\n\t\t\t<span class=\"elementor-divider-separator\">\n\t\t\t\t\t\t<\/span>\n\t\t<\/div>\n\t\t\t\t\t\t<\/div>\n\t\t\t\t<\/div>\n\t\t\t\t<div class=\"elementor-element elementor-element-249a2c4 elementor-widget elementor-widget-heading\" data-id=\"249a2c4\" data-element_type=\"widget\" data-widget_type=\"heading.default\">\n\t\t\t\t<div class=\"elementor-widget-container\">\n\t\t\t\t\t<h2 class=\"elementor-heading-title elementor-size-default\">Detection of surface scratches on metal<\/h2>\t\t\t\t<\/div>\n\t\t\t\t<\/div>\n\t\t\t\t\t<\/div>\n\t\t<\/div>\n\t\t\t\t\t<\/div>\n\t\t<\/section>\n\t\t\t\t<section class=\"elementor-section elementor-top-section elementor-element elementor-element-78231af elementor-section-boxed elementor-section-height-default elementor-section-height-default\" data-id=\"78231af\" data-element_type=\"section\">\n\t\t\t\t\t\t<div class=\"elementor-container elementor-column-gap-default\">\n\t\t\t\t\t<div class=\"elementor-column elementor-col-100 elementor-top-column elementor-element elementor-element-2817a0b\" data-id=\"2817a0b\" data-element_type=\"column\">\n\t\t\t<div class=\"elementor-widget-wrap elementor-element-populated\">\n\t\t\t\t\t\t<div class=\"elementor-element elementor-element-4712682 elementor-widget elementor-widget-text-editor\" data-id=\"4712682\" data-element_type=\"widget\" data-widget_type=\"text-editor.default\">\n\t\t\t\t<div class=\"elementor-widget-container\">\n\t\t\t\t\t\t\t\t\t<p>Dal\u0161\u00ed uk\u00e1zkou kontroly kvality nep\u0159edv\u00eddateln\u00fdch vad povrchu je detekce \u0161kr\u00e1banc\u016f na povrchu ocelov\u00e9ho plechu, kter\u00e1 je vid\u011bt na obr\u00e1zku n\u00ed\u017ee. Po kompletn\u00ed lokalizaci op\u011bt doch\u00e1z\u00ed k vyhodnocen\u00ed polohy a rozsahu velikosti vad a t\u0159\u00edd\u011bn\u00ed do t\u0159\u00edd kvality dle v\u00e1mi nastaven\u00fdch toleranc\u00ed.<\/p>\t\t\t\t\t\t\t\t<\/div>\n\t\t\t\t<\/div>\n\t\t\t\t\t<\/div>\n\t\t<\/div>\n\t\t\t\t\t<\/div>\n\t\t<\/section>\n\t\t\t\t<section class=\"elementor-section elementor-top-section elementor-element elementor-element-d29ac39 elementor-section-height-min-height elementor-section-boxed elementor-section-height-default elementor-section-items-middle\" data-id=\"d29ac39\" data-element_type=\"section\">\n\t\t\t\t\t\t<div class=\"elementor-container elementor-column-gap-default\">\n\t\t\t\t\t<div class=\"elementor-column elementor-col-100 elementor-top-column elementor-element elementor-element-9b83937\" data-id=\"9b83937\" data-element_type=\"column\">\n\t\t\t<div class=\"elementor-widget-wrap elementor-element-populated\">\n\t\t\t\t\t\t<div class=\"elementor-element elementor-element-725ed8c elementor-widget elementor-widget-wb-before-after-image-slider-elementor\" data-id=\"725ed8c\" data-element_type=\"widget\" data-widget_type=\"wb-before-after-image-slider-elementor.default\">\n\t\t\t\t<div class=\"elementor-widget-container\">\n\t\t\t\t\t\t\t<div class=\"wb_ebais_twentytwenty_container twentytwenty-container\" id=\"wb_before_after_725ed8c\">\r\n\t\t\t<span class='before_text'>Before<\/span>\r\n\t\t\t<span class='after_text'>After<\/span>\r\n<img decoding=\"async\" width=\"878\" height=\"743\" src=\"https:\/\/visimatic.cz\/wp-content\/uploads\/2021\/01\/ORIGOkov-e1610571409688.png\" class=\"attachment-full size-full wp-image-679\" alt=\"\" srcset=\"https:\/\/visimatic.cz\/wp-content\/uploads\/2021\/01\/ORIGOkov-e1610571409688.png 878w, https:\/\/visimatic.cz\/wp-content\/uploads\/2021\/01\/ORIGOkov-e1610571409688-300x254.png 300w, https:\/\/visimatic.cz\/wp-content\/uploads\/2021\/01\/ORIGOkov-e1610571409688-230x195.png 230w, https:\/\/visimatic.cz\/wp-content\/uploads\/2021\/01\/ORIGOkov-e1610571409688-350x296.png 350w, https:\/\/visimatic.cz\/wp-content\/uploads\/2021\/01\/ORIGOkov-e1610571409688-480x406.png 480w, https:\/\/visimatic.cz\/wp-content\/uploads\/2021\/01\/ORIGOkov-e1610571409688-768x650.png 768w, https:\/\/visimatic.cz\/wp-content\/uploads\/2021\/01\/ORIGOkov-e1610571409688-830x702.png 830w\" sizes=\"(max-width: 878px) 100vw, 878px\" title=\"\" loading=\"lazy\"><img loading=\"lazy\" decoding=\"async\" width=\"878\" height=\"743\" src=\"https:\/\/visimatic.cz\/wp-content\/uploads\/2021\/01\/DLkov-e1610975380223.png\" class=\"attachment-full size-full wp-image-678\" alt=\"\" srcset=\"https:\/\/visimatic.cz\/wp-content\/uploads\/2021\/01\/DLkov-e1610975380223.png 878w, https:\/\/visimatic.cz\/wp-content\/uploads\/2021\/01\/DLkov-e1610975380223-300x254.png 300w, https:\/\/visimatic.cz\/wp-content\/uploads\/2021\/01\/DLkov-e1610975380223-230x195.png 230w, https:\/\/visimatic.cz\/wp-content\/uploads\/2021\/01\/DLkov-e1610975380223-350x296.png 350w, https:\/\/visimatic.cz\/wp-content\/uploads\/2021\/01\/DLkov-e1610975380223-480x406.png 480w, https:\/\/visimatic.cz\/wp-content\/uploads\/2021\/01\/DLkov-e1610975380223-768x650.png 768w, https:\/\/visimatic.cz\/wp-content\/uploads\/2021\/01\/DLkov-e1610975380223-830x702.png 830w\" sizes=\"(max-width: 878px) 100vw, 878px\" title=\"\">\t\t<\/div>\r\n\t\t<style>\r\n\t\t\t#wb_before_after_725ed8c{\r\n\t\t\t\tmax-width: auto;\r\n\t\t\t}\r\n\t\t<\/style>\r\n\t\t\t\t<\/div>\n\t\t\t\t<\/div>\n\t\t\t\t\t<\/div>\n\t\t<\/div>\n\t\t\t\t\t<\/div>\n\t\t<\/section>\n\t\t\t\t<section class=\"elementor-section elementor-top-section elementor-element elementor-element-0142d0f elementor-section-boxed elementor-section-height-default elementor-section-height-default\" data-id=\"0142d0f\" data-element_type=\"section\">\n\t\t\t\t\t\t<div class=\"elementor-container elementor-column-gap-default\">\n\t\t\t\t\t<div class=\"elementor-column elementor-col-100 elementor-top-column elementor-element elementor-element-2309f34\" data-id=\"2309f34\" data-element_type=\"column\">\n\t\t\t<div class=\"elementor-widget-wrap elementor-element-populated\">\n\t\t\t\t\t\t<div class=\"elementor-element elementor-element-d5fa69e elementor-widget-divider--view-line elementor-widget elementor-widget-divider\" data-id=\"d5fa69e\" data-element_type=\"widget\" data-widget_type=\"divider.default\">\n\t\t\t\t<div class=\"elementor-widget-container\">\n\t\t\t\t\t\t\t<div class=\"elementor-divider\">\n\t\t\t<span class=\"elementor-divider-separator\">\n\t\t\t\t\t\t<\/span>\n\t\t<\/div>\n\t\t\t\t\t\t<\/div>\n\t\t\t\t<\/div>\n\t\t\t\t<div class=\"elementor-element elementor-element-4163496 elementor-widget elementor-widget-heading\" data-id=\"4163496\" data-element_type=\"widget\" data-widget_type=\"heading.default\">\n\t\t\t\t<div class=\"elementor-widget-container\">\n\t\t\t\t\t<h2 class=\"elementor-heading-title elementor-size-default\">Kontrola kompletnosti balen\u00ed<\/h2>\t\t\t\t<\/div>\n\t\t\t\t<\/div>\n\t\t\t\t\t<\/div>\n\t\t<\/div>\n\t\t\t\t\t<\/div>\n\t\t<\/section>\n\t\t\t\t<section class=\"elementor-section elementor-top-section elementor-element elementor-element-80e1cf2 elementor-section-boxed elementor-section-height-default elementor-section-height-default\" data-id=\"80e1cf2\" data-element_type=\"section\">\n\t\t\t\t\t\t<div class=\"elementor-container elementor-column-gap-default\">\n\t\t\t\t\t<div class=\"elementor-column elementor-col-100 elementor-top-column elementor-element elementor-element-788d5ab\" data-id=\"788d5ab\" data-element_type=\"column\">\n\t\t\t<div class=\"elementor-widget-wrap elementor-element-populated\">\n\t\t\t\t\t\t<div class=\"elementor-element elementor-element-0c13e8c elementor-widget elementor-widget-text-editor\" data-id=\"0c13e8c\" data-element_type=\"widget\" data-widget_type=\"text-editor.default\">\n\t\t\t\t<div class=\"elementor-widget-container\">\n\t\t\t\t\t\t\t\t\t<p>Pot\u0159ebujete kontrolovat kompletnost sestavy v\u00fdrobku nebo obsahu balen\u00ed p\u0159ed odesl\u00e1n\u00edm va\u0161emu z\u00e1kazn\u00edkovi a b\u011b\u017en\u00e9 typy kamerov\u00fdch kontrol na to nesta\u010d\u00ed? D\u00edky <a href=\"https:\/\/www.adaptive-vision.com\/en\/software\/deep-learning\/\" target=\"_blank\" rel=\"noopener\">neuronov\u00fdm s\u00edt\u00edm s hlubok\u00fdm u\u010den\u00edm<\/a> to nen\u00ed \u017e\u00e1dn\u00fd probl\u00e9m! Syst\u00e9m se dok\u00e1\u017ee v pr\u016fb\u011bhu tr\u00e9ninku nau\u010dit r\u016fznou podobu jednotliv\u00fdch hledan\u00fdch komponent balen\u00ed nebo sestavy a nezmatou ho ani nep\u0159edv\u00eddateln\u00e9 odlesky nebo drobn\u00e9 odchylky v podob\u011b. V re\u00e1ln\u00e9m \u010dase pak kontroluje p\u0159\u00edtomnost a po\u010det komponent a d\u00e1v\u00e1 zp\u011btnou vazbu v p\u0159\u00edpad\u011b detekov\u00e1n\u00ed chyb\u011bj\u00edc\u00edho d\u00edlu.<\/p>\t\t\t\t\t\t\t\t<\/div>\n\t\t\t\t<\/div>\n\t\t\t\t\t<\/div>\n\t\t<\/div>\n\t\t\t\t\t<\/div>\n\t\t<\/section>\n\t\t\t\t<section class=\"elementor-section elementor-top-section elementor-element elementor-element-96adb8c elementor-section-boxed elementor-section-height-default elementor-section-height-default\" data-id=\"96adb8c\" data-element_type=\"section\">\n\t\t\t\t\t\t<div class=\"elementor-container elementor-column-gap-default\">\n\t\t\t\t\t<div class=\"elementor-column elementor-col-100 elementor-top-column elementor-element elementor-element-c30b164\" data-id=\"c30b164\" data-element_type=\"column\">\n\t\t\t<div class=\"elementor-widget-wrap elementor-element-populated\">\n\t\t\t\t\t\t<div class=\"elementor-element elementor-element-6cd01f5 elementor-widget elementor-widget-text-editor\" data-id=\"6cd01f5\" data-element_type=\"widget\" data-widget_type=\"text-editor.default\">\n\t\t\t\t<div class=\"elementor-widget-container\">\n\t\t\t\t\t\t\t\t\t<p><span style=\"color: #00102e; font-size: 18px; font-weight: 600; text-align: center;\">Zaujaly v\u00e1s mo\u017enosti aplikac\u00ed s neuronov\u00fdmi s\u00edt\u011bmi a cht\u011bli byste se dozv\u011bd\u011bt v\u00edce? Nev\u00e1hejte n\u00e1s\u00a0<\/span><a style=\"background-color: #ffffff; font-size: 18px; font-weight: 600; text-align: center;\" href=\"https:\/\/visimatic.cz\/en\/kontakt\/\">kontaktovat!<\/a><\/p>\t\t\t\t\t\t\t\t<\/div>\n\t\t\t\t<\/div>\n\t\t\t\t\t<\/div>\n\t\t<\/div>\n\t\t\t\t\t<\/div>\n\t\t<\/section>\n\t\t\t\t<\/div>","protected":false},"excerpt":{"rendered":"<p>Neuronov\u00e9 s\u00edt\u011b Strojov\u00e9 vid\u011bn\u00ed v kombinaci s neuronov\u00fdmi s\u00edt\u011bmi a um\u011blou inteligenc\u00ed dok\u00e1\u017ee \u0159e\u0161it d\u0159\u00edve ne\u0159e\u0161iteln\u00e9 probl\u00e9my.&nbsp; Na\u0161e kamerov\u00e9 syst\u00e9my obohacen\u00e9 o [&hellip;]<\/p>","protected":false},"author":1,"featured_media":0,"parent":0,"menu_order":0,"comment_status":"closed","ping_status":"closed","template":"elementor_header_footer","meta":{"footnotes":""},"class_list":["post-462","page","type-page","status-publish","hentry"],"_links":{"self":[{"href":"https:\/\/visimatic.cz\/en\/wp-json\/wp\/v2\/pages\/462","targetHints":{"allow":["GET"]}}],"collection":[{"href":"https:\/\/visimatic.cz\/en\/wp-json\/wp\/v2\/pages"}],"about":[{"href":"https:\/\/visimatic.cz\/en\/wp-json\/wp\/v2\/types\/page"}],"author":[{"embeddable":true,"href":"https:\/\/visimatic.cz\/en\/wp-json\/wp\/v2\/users\/1"}],"replies":[{"embeddable":true,"href":"https:\/\/visimatic.cz\/en\/wp-json\/wp\/v2\/comments?post=462"}],"version-history":[{"count":437,"href":"https:\/\/visimatic.cz\/en\/wp-json\/wp\/v2\/pages\/462\/revisions"}],"predecessor-version":[{"id":3030,"href":"https:\/\/visimatic.cz\/en\/wp-json\/wp\/v2\/pages\/462\/revisions\/3030"}],"wp:attachment":[{"href":"https:\/\/visimatic.cz\/en\/wp-json\/wp\/v2\/media?parent=462"}],"curies":[{"name":"wp","href":"https:\/\/api.w.org\/{rel}","templated":true}]}}