{"id":477,"date":"2020-12-28T21:16:04","date_gmt":"2020-12-28T21:16:04","guid":{"rendered":"http:\/\/svetlezitrky.tech\/?page_id=477"},"modified":"2023-07-15T12:57:34","modified_gmt":"2023-07-15T12:57:34","slug":"kontrola-kompletnosti-vyrobku","status":"publish","type":"page","link":"https:\/\/visimatic.cz\/en\/kontrola-kompletnosti-vyrobku\/","title":{"rendered":"Production completeness check"},"content":{"rendered":"<div data-elementor-type=\"wp-page\" data-elementor-id=\"477\" class=\"elementor elementor-477\">\n\t\t\t\t\t\t<section class=\"elementor-section elementor-top-section elementor-element elementor-element-4eab18e elementor-section-boxed elementor-section-height-default elementor-section-height-default\" data-id=\"4eab18e\" data-element_type=\"section\">\n\t\t\t\t\t\t<div class=\"elementor-container elementor-column-gap-default\">\n\t\t\t\t\t<div class=\"elementor-column elementor-col-100 elementor-top-column elementor-element elementor-element-92bb445\" data-id=\"92bb445\" data-element_type=\"column\">\n\t\t\t<div class=\"elementor-widget-wrap elementor-element-populated\">\n\t\t\t\t\t\t<div class=\"elementor-element elementor-element-0c78c9a elementor-widget elementor-widget-heading\" data-id=\"0c78c9a\" data-element_type=\"widget\" data-widget_type=\"heading.default\">\n\t\t\t\t<div class=\"elementor-widget-container\">\n\t\t\t\t\t<h2 class=\"elementor-heading-title elementor-size-default\">Product completeness check<\/h2>\t\t\t\t<\/div>\n\t\t\t\t<\/div>\n\t\t\t\t<div class=\"elementor-element elementor-element-431bf9e elementor-widget elementor-widget-text-editor\" data-id=\"431bf9e\" data-element_type=\"widget\" data-widget_type=\"text-editor.default\">\n\t\t\t\t<div class=\"elementor-widget-container\">\n\t\t\t\t\t\t\t\t\t<div data-id=\"7eb3a1d\" data-element_type=\"widget\" data-widget_type=\"text-editor.default\">\n<p>Camera inspection of parts for completeness is used across all industries.\u00a0 Even over a fast moving conveyor belt, the camera system can check that the product contains all components in the right place and to the required quality.<\/p>\n<p>Through continuous quality control, completeness checking systems enables manufacturing companies to save costs unnecessarily spent on complaints by detecting incorrectly assembled or incomplete products.<\/p>\n<\/div>\t\t\t\t\t\t\t\t<\/div>\n\t\t\t\t<\/div>\n\t\t\t\t\t<\/div>\n\t\t<\/div>\n\t\t\t\t\t<\/div>\n\t\t<\/section>\n\t\t\t\t<section class=\"elementor-section elementor-top-section elementor-element elementor-element-f5aa40e elementor-section-full_width elementor-section-height-min-height elementor-section-height-default elementor-section-items-middle\" data-id=\"f5aa40e\" data-element_type=\"section\">\n\t\t\t\t\t\t<div class=\"elementor-container elementor-column-gap-default\">\n\t\t\t\t\t<div class=\"elementor-column elementor-col-100 elementor-top-column elementor-element elementor-element-0662678\" data-id=\"0662678\" data-element_type=\"column\">\n\t\t\t<div class=\"elementor-widget-wrap elementor-element-populated\">\n\t\t\t\t\t\t<div class=\"elementor-element elementor-element-18bc8fd elementor-widget elementor-widget-image\" data-id=\"18bc8fd\" data-element_type=\"widget\" data-widget_type=\"image.default\">\n\t\t\t\t<div class=\"elementor-widget-container\">\n\t\t\t\t\t\t\t\t\t\t\t\t\t\t\t<img fetchpriority=\"high\" decoding=\"async\" width=\"768\" height=\"656\" src=\"https:\/\/visimatic.cz\/wp-content\/uploads\/2021\/01\/oc-768x656.png\" class=\"attachment-medium_large size-medium_large wp-image-1337\" alt=\"\" srcset=\"https:\/\/visimatic.cz\/wp-content\/uploads\/2021\/01\/oc-768x656.png 768w, https:\/\/visimatic.cz\/wp-content\/uploads\/2021\/01\/oc-300x256.png 300w, https:\/\/visimatic.cz\/wp-content\/uploads\/2021\/01\/oc-1024x874.png 1024w, https:\/\/visimatic.cz\/wp-content\/uploads\/2021\/01\/oc-1536x1311.png 1536w, https:\/\/visimatic.cz\/wp-content\/uploads\/2021\/01\/oc-2048x1748.png 2048w, https:\/\/visimatic.cz\/wp-content\/uploads\/2021\/01\/oc-830x708.png 830w, https:\/\/visimatic.cz\/wp-content\/uploads\/2021\/01\/oc-230x196.png 230w, https:\/\/visimatic.cz\/wp-content\/uploads\/2021\/01\/oc-350x299.png 350w, https:\/\/visimatic.cz\/wp-content\/uploads\/2021\/01\/oc-480x410.png 480w\" sizes=\"(max-width: 768px) 100vw, 768px\" title=\"\">\t\t\t\t\t\t\t\t\t\t\t\t\t\t\t<\/div>\n\t\t\t\t<\/div>\n\t\t\t\t\t<\/div>\n\t\t<\/div>\n\t\t\t\t\t<\/div>\n\t\t<\/section>\n\t\t\t\t<section class=\"elementor-section elementor-top-section elementor-element elementor-element-bdad8f4 elementor-section-boxed elementor-section-height-default elementor-section-height-default\" data-id=\"bdad8f4\" data-element_type=\"section\">\n\t\t\t\t\t\t<div class=\"elementor-container elementor-column-gap-default\">\n\t\t\t\t\t<div class=\"elementor-column elementor-col-100 elementor-top-column elementor-element elementor-element-2267970\" data-id=\"2267970\" data-element_type=\"column\">\n\t\t\t<div class=\"elementor-widget-wrap elementor-element-populated\">\n\t\t\t\t\t\t<div class=\"elementor-element elementor-element-2b57616 elementor-widget elementor-widget-text-editor\" data-id=\"2b57616\" data-element_type=\"widget\" data-widget_type=\"text-editor.default\">\n\t\t\t\t<div class=\"elementor-widget-container\">\n\t\t\t\t\t\t\t\t\t<p>Camera inspection of part completeness helps you eliminate operator error, does not get tired, has clearly defined tolerances, which you can also easily adjust on the monitor according to your needs.<\/p><p>The completeness check consists of individual partial checks (shape check, dimension measurement, detection of the presence of individual parts, colour and many others), which the machine vision system evaluates as a whole and checks whether the product is assembled accurately and from quality components according to the customer's requirements.<\/p><p>The number of controlled product types, or recipes, can be created in any number and can be switched between manually or automatically, depending only on your specific ideas and requirements.<\/p>\t\t\t\t\t\t\t\t<\/div>\n\t\t\t\t<\/div>\n\t\t\t\t<div class=\"elementor-element elementor-element-0c17dfc elementor-widget-divider--view-line elementor-widget elementor-widget-divider\" data-id=\"0c17dfc\" data-element_type=\"widget\" data-widget_type=\"divider.default\">\n\t\t\t\t<div class=\"elementor-widget-container\">\n\t\t\t\t\t\t\t<div class=\"elementor-divider\">\n\t\t\t<span class=\"elementor-divider-separator\">\n\t\t\t\t\t\t<\/span>\n\t\t<\/div>\n\t\t\t\t\t\t<\/div>\n\t\t\t\t<\/div>\n\t\t\t\t\t<\/div>\n\t\t<\/div>\n\t\t\t\t\t<\/div>\n\t\t<\/section>\n\t\t\t\t<section class=\"elementor-section elementor-top-section elementor-element elementor-element-4a67e24 elementor-section-boxed elementor-section-height-default elementor-section-height-default\" data-id=\"4a67e24\" data-element_type=\"section\">\n\t\t\t\t\t\t<div class=\"elementor-container elementor-column-gap-default\">\n\t\t\t\t\t<div class=\"elementor-column elementor-col-100 elementor-top-column elementor-element elementor-element-4d90a48\" data-id=\"4d90a48\" data-element_type=\"column\">\n\t\t\t<div class=\"elementor-widget-wrap elementor-element-populated\">\n\t\t\t\t\t\t<div class=\"elementor-element elementor-element-249a2c4 elementor-widget elementor-widget-heading\" data-id=\"249a2c4\" data-element_type=\"widget\" data-widget_type=\"heading.default\">\n\t\t\t\t<div class=\"elementor-widget-container\">\n\t\t\t\t\t<h2 class=\"elementor-heading-title elementor-size-default\">Completeness check of a steering wheel assembly<\/h2>\t\t\t\t<\/div>\n\t\t\t\t<\/div>\n\t\t\t\t\t<\/div>\n\t\t<\/div>\n\t\t\t\t\t<\/div>\n\t\t<\/section>\n\t\t\t\t<section class=\"elementor-section elementor-top-section elementor-element elementor-element-78231af elementor-section-boxed elementor-section-height-default elementor-section-height-default\" data-id=\"78231af\" data-element_type=\"section\">\n\t\t\t\t\t\t<div class=\"elementor-container elementor-column-gap-default\">\n\t\t\t\t\t<div class=\"elementor-column elementor-col-100 elementor-top-column elementor-element elementor-element-2817a0b\" data-id=\"2817a0b\" data-element_type=\"column\">\n\t\t\t<div class=\"elementor-widget-wrap elementor-element-populated\">\n\t\t\t\t\t\t<div class=\"elementor-element elementor-element-4712682 elementor-widget elementor-widget-text-editor\" data-id=\"4712682\" data-element_type=\"widget\" data-widget_type=\"text-editor.default\">\n\t\t\t\t<div class=\"elementor-widget-container\">\n\t\t\t\t\t\t\t\t\t<p>A car's steering wheel is made up of many individual parts and since it is a part of the car that we are constantly looking at, the visual quality is extremely important. Camera inspection checks the sequential assembly of the individual parts, which ensures the elimination of unnecessary complaints and traceability in the image database of a particular piece.\u00a0<\/p><p>Since this is a sequential assembly, the next step in the automated process will not be allowed until the camera system is sure that the previous component has been inserted in the right place and achieves the required quality. The degree of certainty can be changed over time as desired, directly on the monitor using an intuitive interface. Once the next step is enabled the camera system automatically switches the inspection program and continues with the prescribed recipe to check the next part. On the final form of the folded steering wheel, the camera system checks: the presence of stitching, the correct button prints, the covering material and the colour of the platen accessories.<\/p>\t\t\t\t\t\t\t\t<\/div>\n\t\t\t\t<\/div>\n\t\t\t\t\t<\/div>\n\t\t<\/div>\n\t\t\t\t\t<\/div>\n\t\t<\/section>\n\t\t\t\t<section class=\"elementor-section elementor-top-section elementor-element elementor-element-0b7157d elementor-section-content-middle elementor-section-height-min-height elementor-section-boxed elementor-section-height-default elementor-section-items-middle\" data-id=\"0b7157d\" data-element_type=\"section\">\n\t\t\t\t\t\t<div class=\"elementor-container elementor-column-gap-default\">\n\t\t\t\t\t<div class=\"elementor-column elementor-col-100 elementor-top-column elementor-element elementor-element-7b8bfd2\" data-id=\"7b8bfd2\" data-element_type=\"column\">\n\t\t\t<div class=\"elementor-widget-wrap elementor-element-populated\">\n\t\t\t\t\t\t<div class=\"elementor-element elementor-element-895cd23 elementor-widget elementor-widget-wb-before-after-image-slider-elementor\" data-id=\"895cd23\" data-element_type=\"widget\" data-widget_type=\"wb-before-after-image-slider-elementor.default\">\n\t\t\t\t<div class=\"elementor-widget-container\">\n\t\t\t\t\t\t\t<div class=\"wb_ebais_twentytwenty_container twentytwenty-container\" id=\"wb_before_after_895cd23\">\r\n\t\t\t<span class='before_text'>Before<\/span>\r\n\t\t\t<span class='after_text'>After<\/span>\r\n<img decoding=\"async\" width=\"1241\" height=\"828\" src=\"https:\/\/visimatic.cz\/wp-content\/uploads\/2021\/01\/kompletnost_bezf.png\" class=\"attachment-full size-full wp-image-747\" alt=\"Kamerov\u00e1 kontrola kompletnosti\" srcset=\"https:\/\/visimatic.cz\/wp-content\/uploads\/2021\/01\/kompletnost_bezf.png 1241w, https:\/\/visimatic.cz\/wp-content\/uploads\/2021\/01\/kompletnost_bezf-300x200.png 300w, https:\/\/visimatic.cz\/wp-content\/uploads\/2021\/01\/kompletnost_bezf-1024x683.png 1024w, https:\/\/visimatic.cz\/wp-content\/uploads\/2021\/01\/kompletnost_bezf-768x512.png 768w, https:\/\/visimatic.cz\/wp-content\/uploads\/2021\/01\/kompletnost_bezf-830x554.png 830w, https:\/\/visimatic.cz\/wp-content\/uploads\/2021\/01\/kompletnost_bezf-230x153.png 230w, https:\/\/visimatic.cz\/wp-content\/uploads\/2021\/01\/kompletnost_bezf-350x234.png 350w, https:\/\/visimatic.cz\/wp-content\/uploads\/2021\/01\/kompletnost_bezf-480x320.png 480w\" sizes=\"(max-width: 1241px) 100vw, 1241px\" title=\"\" loading=\"lazy\"><img decoding=\"async\" width=\"1241\" height=\"828\" src=\"https:\/\/visimatic.cz\/wp-content\/uploads\/2021\/01\/kompletnost_s.png\" class=\"attachment-full size-full wp-image-748\" alt=\"Kamerov\u00fd syst\u00e9m pro kontrolu kompletnosti d\u00edlu\" srcset=\"https:\/\/visimatic.cz\/wp-content\/uploads\/2021\/01\/kompletnost_s.png 1241w, https:\/\/visimatic.cz\/wp-content\/uploads\/2021\/01\/kompletnost_s-300x200.png 300w, https:\/\/visimatic.cz\/wp-content\/uploads\/2021\/01\/kompletnost_s-1024x683.png 1024w, https:\/\/visimatic.cz\/wp-content\/uploads\/2021\/01\/kompletnost_s-768x512.png 768w, https:\/\/visimatic.cz\/wp-content\/uploads\/2021\/01\/kompletnost_s-830x554.png 830w, https:\/\/visimatic.cz\/wp-content\/uploads\/2021\/01\/kompletnost_s-230x153.png 230w, https:\/\/visimatic.cz\/wp-content\/uploads\/2021\/01\/kompletnost_s-350x234.png 350w, https:\/\/visimatic.cz\/wp-content\/uploads\/2021\/01\/kompletnost_s-480x320.png 480w\" sizes=\"(max-width: 1241px) 100vw, 1241px\" title=\"\" loading=\"lazy\">\t\t<\/div>\r\n\t\t<style>\r\n\t\t\t#wb_before_after_895cd23{\r\n\t\t\t\tmax-width: auto;\r\n\t\t\t}\r\n\t\t<\/style>\r\n\t\t\t\t<\/div>\n\t\t\t\t<\/div>\n\t\t\t\t\t<\/div>\n\t\t<\/div>\n\t\t\t\t\t<\/div>\n\t\t<\/section>\n\t\t\t\t<section class=\"elementor-section elementor-top-section elementor-element elementor-element-5404022 elementor-section-boxed elementor-section-height-default elementor-section-height-default\" data-id=\"5404022\" data-element_type=\"section\">\n\t\t\t\t\t\t<div class=\"elementor-container elementor-column-gap-default\">\n\t\t\t\t\t<div class=\"elementor-column elementor-col-100 elementor-top-column elementor-element elementor-element-42288ce\" data-id=\"42288ce\" data-element_type=\"column\">\n\t\t\t<div class=\"elementor-widget-wrap elementor-element-populated\">\n\t\t\t\t\t\t<div class=\"elementor-element elementor-element-00730ed elementor-widget-divider--view-line elementor-widget elementor-widget-divider\" data-id=\"00730ed\" data-element_type=\"widget\" data-widget_type=\"divider.default\">\n\t\t\t\t<div class=\"elementor-widget-container\">\n\t\t\t\t\t\t\t<div class=\"elementor-divider\">\n\t\t\t<span class=\"elementor-divider-separator\">\n\t\t\t\t\t\t<\/span>\n\t\t<\/div>\n\t\t\t\t\t\t<\/div>\n\t\t\t\t<\/div>\n\t\t\t\t<div class=\"elementor-element elementor-element-f358b06 elementor-widget elementor-widget-heading\" data-id=\"f358b06\" data-element_type=\"widget\" data-widget_type=\"heading.default\">\n\t\t\t\t<div class=\"elementor-widget-container\">\n\t\t\t\t\t<h2 class=\"elementor-heading-title elementor-size-default\">Camera check of clutch assembly<\/h2>\t\t\t\t<\/div>\n\t\t\t\t<\/div>\n\t\t\t\t\t<\/div>\n\t\t<\/div>\n\t\t\t\t\t<\/div>\n\t\t<\/section>\n\t\t\t\t<section class=\"elementor-section elementor-top-section elementor-element elementor-element-02f42ae elementor-section-boxed elementor-section-height-default elementor-section-height-default\" data-id=\"02f42ae\" data-element_type=\"section\">\n\t\t\t\t\t\t<div class=\"elementor-container elementor-column-gap-default\">\n\t\t\t\t\t<div class=\"elementor-column elementor-col-100 elementor-top-column elementor-element elementor-element-ca624c7\" data-id=\"ca624c7\" data-element_type=\"column\">\n\t\t\t<div class=\"elementor-widget-wrap elementor-element-populated\">\n\t\t\t\t\t\t<div class=\"elementor-element elementor-element-e538c7e elementor-widget elementor-widget-text-editor\" data-id=\"e538c7e\" data-element_type=\"widget\" data-widget_type=\"text-editor.default\">\n\t\t\t\t<div class=\"elementor-widget-container\">\n\t\t\t\t\t\t\t\t\t<p>With a camera clutch inspection system, all details and small parts need to be checked. Precise camera measurements of the outer and inner lining were also used on this application. The cameras monitored the rivet seating, presence of springs, overall shape and many other details without which the clutch slat would not function 100% and could lead to unnecessary complaints and additional costs.<\/p>\t\t\t\t\t\t\t\t<\/div>\n\t\t\t\t<\/div>\n\t\t\t\t\t<\/div>\n\t\t<\/div>\n\t\t\t\t\t<\/div>\n\t\t<\/section>\n\t\t\t\t<section class=\"elementor-section elementor-top-section elementor-element elementor-element-a44a3d3 elementor-section-height-min-height elementor-section-boxed elementor-section-height-default elementor-section-items-middle\" data-id=\"a44a3d3\" data-element_type=\"section\">\n\t\t\t\t\t\t<div class=\"elementor-container elementor-column-gap-default\">\n\t\t\t\t\t<div class=\"elementor-column elementor-col-100 elementor-top-column elementor-element elementor-element-4628280\" data-id=\"4628280\" data-element_type=\"column\">\n\t\t\t<div class=\"elementor-widget-wrap elementor-element-populated\">\n\t\t\t\t\t\t<div class=\"elementor-element elementor-element-5418861 elementor-widget elementor-widget-wb-before-after-image-slider-elementor\" data-id=\"5418861\" data-element_type=\"widget\" data-widget_type=\"wb-before-after-image-slider-elementor.default\">\n\t\t\t\t<div class=\"elementor-widget-container\">\n\t\t\t\t\t\t\t<div class=\"wb_ebais_twentytwenty_container twentytwenty-container\" id=\"wb_before_after_5418861\">\r\n\t\t\t<span class='before_text'>Before<\/span>\r\n\t\t\t<span class='after_text'>After<\/span>\r\n<img loading=\"lazy\" decoding=\"async\" width=\"842\" height=\"828\" src=\"https:\/\/visimatic.cz\/wp-content\/uploads\/2021\/01\/spojka_bez.png\" class=\"attachment-full size-full wp-image-874\" alt=\"Kamerov\u00e1 kontrola kompletnosti spojky\" srcset=\"https:\/\/visimatic.cz\/wp-content\/uploads\/2021\/01\/spojka_bez.png 842w, https:\/\/visimatic.cz\/wp-content\/uploads\/2021\/01\/spojka_bez-300x295.png 300w, https:\/\/visimatic.cz\/wp-content\/uploads\/2021\/01\/spojka_bez-768x755.png 768w, https:\/\/visimatic.cz\/wp-content\/uploads\/2021\/01\/spojka_bez-830x816.png 830w, https:\/\/visimatic.cz\/wp-content\/uploads\/2021\/01\/spojka_bez-230x226.png 230w, https:\/\/visimatic.cz\/wp-content\/uploads\/2021\/01\/spojka_bez-350x344.png 350w, https:\/\/visimatic.cz\/wp-content\/uploads\/2021\/01\/spojka_bez-480x472.png 480w\" sizes=\"(max-width: 842px) 100vw, 842px\" title=\"\"><img loading=\"lazy\" decoding=\"async\" width=\"842\" height=\"828\" src=\"https:\/\/visimatic.cz\/wp-content\/uploads\/2021\/01\/spojka_s.png\" class=\"attachment-full size-full wp-image-875\" alt=\"Kamerov\u00e1 kontrola kompletnosti spojky\" srcset=\"https:\/\/visimatic.cz\/wp-content\/uploads\/2021\/01\/spojka_s.png 842w, https:\/\/visimatic.cz\/wp-content\/uploads\/2021\/01\/spojka_s-300x295.png 300w, https:\/\/visimatic.cz\/wp-content\/uploads\/2021\/01\/spojka_s-768x755.png 768w, https:\/\/visimatic.cz\/wp-content\/uploads\/2021\/01\/spojka_s-830x816.png 830w, https:\/\/visimatic.cz\/wp-content\/uploads\/2021\/01\/spojka_s-230x226.png 230w, https:\/\/visimatic.cz\/wp-content\/uploads\/2021\/01\/spojka_s-350x344.png 350w, https:\/\/visimatic.cz\/wp-content\/uploads\/2021\/01\/spojka_s-480x472.png 480w\" sizes=\"(max-width: 842px) 100vw, 842px\" title=\"\">\t\t<\/div>\r\n\t\t<style>\r\n\t\t\t#wb_before_after_5418861{\r\n\t\t\t\tmax-width: auto;\r\n\t\t\t}\r\n\t\t<\/style>\r\n\t\t\t\t<\/div>\n\t\t\t\t<\/div>\n\t\t\t\t\t<\/div>\n\t\t<\/div>\n\t\t\t\t\t<\/div>\n\t\t<\/section>\n\t\t\t\t<\/div>","protected":false},"excerpt":{"rendered":"<p>Kontrola kompletnosti v\u00fdrobk\u016f Kamerov\u00e1 kontrola kompletnosti d\u00edl\u016f se vyu\u017e\u00edv\u00e1 nap\u0159\u00ed\u010d v\u0161emi odv\u011btv\u00edmi.\u00a0 Kamerov\u00fd syst\u00e9m dok\u00e1\u017ee i nad rychle se pohybuj\u00edc\u00edm dopravn\u00edkov\u00fdm p\u00e1sem [&hellip;]<\/p>","protected":false},"author":1,"featured_media":0,"parent":0,"menu_order":0,"comment_status":"closed","ping_status":"closed","template":"elementor_header_footer","meta":{"footnotes":""},"class_list":["post-477","page","type-page","status-publish","hentry"],"_links":{"self":[{"href":"https:\/\/visimatic.cz\/en\/wp-json\/wp\/v2\/pages\/477","targetHints":{"allow":["GET"]}}],"collection":[{"href":"https:\/\/visimatic.cz\/en\/wp-json\/wp\/v2\/pages"}],"about":[{"href":"https:\/\/visimatic.cz\/en\/wp-json\/wp\/v2\/types\/page"}],"author":[{"embeddable":true,"href":"https:\/\/visimatic.cz\/en\/wp-json\/wp\/v2\/users\/1"}],"replies":[{"embeddable":true,"href":"https:\/\/visimatic.cz\/en\/wp-json\/wp\/v2\/comments?post=477"}],"version-history":[{"count":172,"href":"https:\/\/visimatic.cz\/en\/wp-json\/wp\/v2\/pages\/477\/revisions"}],"predecessor-version":[{"id":3066,"href":"https:\/\/visimatic.cz\/en\/wp-json\/wp\/v2\/pages\/477\/revisions\/3066"}],"wp:attachment":[{"href":"https:\/\/visimatic.cz\/en\/wp-json\/wp\/v2\/media?parent=477"}],"curies":[{"name":"wp","href":"https:\/\/api.w.org\/{rel}","templated":true}]}}