{"id":479,"date":"2020-12-28T21:16:20","date_gmt":"2020-12-28T21:16:20","guid":{"rendered":"http:\/\/svetlezitrky.tech\/?page_id=479"},"modified":"2023-07-15T12:36:55","modified_gmt":"2023-07-15T12:36:55","slug":"trideni-vyrobku","status":"publish","type":"page","link":"https:\/\/visimatic.cz\/en\/trideni-vyrobku\/","title":{"rendered":"Object sorting"},"content":{"rendered":"<div data-elementor-type=\"wp-page\" data-elementor-id=\"479\" class=\"elementor elementor-479\">\n\t\t\t\t\t\t<section class=\"elementor-section elementor-top-section elementor-element elementor-element-4eab18e elementor-section-boxed elementor-section-height-default elementor-section-height-default\" data-id=\"4eab18e\" data-element_type=\"section\">\n\t\t\t\t\t\t<div class=\"elementor-container elementor-column-gap-default\">\n\t\t\t\t\t<div class=\"elementor-column elementor-col-100 elementor-top-column elementor-element elementor-element-92bb445\" data-id=\"92bb445\" data-element_type=\"column\">\n\t\t\t<div class=\"elementor-widget-wrap elementor-element-populated\">\n\t\t\t\t\t\t<div class=\"elementor-element elementor-element-0c78c9a elementor-widget elementor-widget-heading\" data-id=\"0c78c9a\" data-element_type=\"widget\" data-widget_type=\"heading.default\">\n\t\t\t\t<div class=\"elementor-widget-container\">\n\t\t\t\t\t<h2 class=\"elementor-heading-title elementor-size-default\">Object sorting\n<\/h2>\t\t\t\t<\/div>\n\t\t\t\t<\/div>\n\t\t\t\t<div class=\"elementor-element elementor-element-431bf9e elementor-widget elementor-widget-text-editor\" data-id=\"431bf9e\" data-element_type=\"widget\" data-widget_type=\"text-editor.default\">\n\t\t\t\t<div class=\"elementor-widget-container\">\n\t\t\t\t\t\t\t\t\t<div data-id=\"7eb3a1d\" data-element_type=\"widget\" data-widget_type=\"text-editor.default\"><div><div><p>Camera systems are also used for automatic sorting of products. The sorting can be based on the type of product: colour, logo, shape, size and many other parameters on the basis of which we sort the incoming inspected parts into the individual sections where they belong. We can also sort products on the basis of quality - checking the quality of surfaces, colour quality, printing, machining quality, dimensional measurements and much more.<\/p><\/div><\/div><\/div>\t\t\t\t\t\t\t\t<\/div>\n\t\t\t\t<\/div>\n\t\t\t\t\t<\/div>\n\t\t<\/div>\n\t\t\t\t\t<\/div>\n\t\t<\/section>\n\t\t\t\t<section class=\"elementor-section elementor-top-section elementor-element elementor-element-f5aa40e elementor-section-boxed elementor-section-height-default elementor-section-height-default\" data-id=\"f5aa40e\" data-element_type=\"section\">\n\t\t\t\t\t\t<div class=\"elementor-container elementor-column-gap-default\">\n\t\t\t\t\t<div class=\"elementor-column elementor-col-100 elementor-top-column elementor-element elementor-element-0662678\" data-id=\"0662678\" data-element_type=\"column\">\n\t\t\t<div class=\"elementor-widget-wrap elementor-element-populated\">\n\t\t\t\t\t\t<div class=\"elementor-element elementor-element-18bc8fd elementor-widget elementor-widget-image\" data-id=\"18bc8fd\" data-element_type=\"widget\" data-widget_type=\"image.default\">\n\t\t\t\t<div class=\"elementor-widget-container\">\n\t\t\t\t\t\t\t\t\t\t\t\t\t\t\t<img fetchpriority=\"high\" decoding=\"async\" width=\"768\" height=\"512\" src=\"https:\/\/visimatic.cz\/wp-content\/uploads\/2021\/01\/shutterstock_1661325634-768x512.jpg\" class=\"attachment-medium_large size-medium_large wp-image-1323\" alt=\"\" srcset=\"https:\/\/visimatic.cz\/wp-content\/uploads\/2021\/01\/shutterstock_1661325634-768x512.jpg 768w, https:\/\/visimatic.cz\/wp-content\/uploads\/2021\/01\/shutterstock_1661325634-300x200.jpg 300w, https:\/\/visimatic.cz\/wp-content\/uploads\/2021\/01\/shutterstock_1661325634-1024x683.jpg 1024w, https:\/\/visimatic.cz\/wp-content\/uploads\/2021\/01\/shutterstock_1661325634-1536x1024.jpg 1536w, https:\/\/visimatic.cz\/wp-content\/uploads\/2021\/01\/shutterstock_1661325634-2048x1365.jpg 2048w, https:\/\/visimatic.cz\/wp-content\/uploads\/2021\/01\/shutterstock_1661325634-830x553.jpg 830w, https:\/\/visimatic.cz\/wp-content\/uploads\/2021\/01\/shutterstock_1661325634-230x153.jpg 230w, https:\/\/visimatic.cz\/wp-content\/uploads\/2021\/01\/shutterstock_1661325634-350x233.jpg 350w, https:\/\/visimatic.cz\/wp-content\/uploads\/2021\/01\/shutterstock_1661325634-480x320.jpg 480w\" sizes=\"(max-width: 768px) 100vw, 768px\" title=\"\">\t\t\t\t\t\t\t\t\t\t\t\t\t\t\t<\/div>\n\t\t\t\t<\/div>\n\t\t\t\t\t<\/div>\n\t\t<\/div>\n\t\t\t\t\t<\/div>\n\t\t<\/section>\n\t\t\t\t<section class=\"elementor-section elementor-top-section elementor-element elementor-element-4a67e24 elementor-section-boxed elementor-section-height-default elementor-section-height-default\" data-id=\"4a67e24\" data-element_type=\"section\">\n\t\t\t\t\t\t<div class=\"elementor-container elementor-column-gap-default\">\n\t\t\t\t\t<div class=\"elementor-column elementor-col-100 elementor-top-column elementor-element elementor-element-4d90a48\" data-id=\"4d90a48\" data-element_type=\"column\">\n\t\t\t<div class=\"elementor-widget-wrap elementor-element-populated\">\n\t\t\t\t\t\t<div class=\"elementor-element elementor-element-876eccd elementor-widget-divider--view-line elementor-widget elementor-widget-divider\" data-id=\"876eccd\" data-element_type=\"widget\" data-widget_type=\"divider.default\">\n\t\t\t\t<div class=\"elementor-widget-container\">\n\t\t\t\t\t\t\t<div class=\"elementor-divider\">\n\t\t\t<span class=\"elementor-divider-separator\">\n\t\t\t\t\t\t<\/span>\n\t\t<\/div>\n\t\t\t\t\t\t<\/div>\n\t\t\t\t<\/div>\n\t\t\t\t<div class=\"elementor-element elementor-element-249a2c4 elementor-widget elementor-widget-heading\" data-id=\"249a2c4\" data-element_type=\"widget\" data-widget_type=\"heading.default\">\n\t\t\t\t<div class=\"elementor-widget-container\">\n\t\t\t\t\t<h2 class=\"elementor-heading-title elementor-size-default\">Camera control in the brewery<\/h2>\t\t\t\t<\/div>\n\t\t\t\t<\/div>\n\t\t\t\t\t<\/div>\n\t\t<\/div>\n\t\t\t\t\t<\/div>\n\t\t<\/section>\n\t\t\t\t<section class=\"elementor-section elementor-top-section elementor-element elementor-element-78231af elementor-section-boxed elementor-section-height-default elementor-section-height-default\" data-id=\"78231af\" data-element_type=\"section\">\n\t\t\t\t\t\t<div class=\"elementor-container elementor-column-gap-default\">\n\t\t\t\t\t<div class=\"elementor-column elementor-col-100 elementor-top-column elementor-element elementor-element-2817a0b\" data-id=\"2817a0b\" data-element_type=\"column\">\n\t\t\t<div class=\"elementor-widget-wrap elementor-element-populated\">\n\t\t\t\t\t\t<div class=\"elementor-element elementor-element-4712682 elementor-widget elementor-widget-text-editor\" data-id=\"4712682\" data-element_type=\"widget\" data-widget_type=\"text-editor.default\">\n\t\t\t\t<div class=\"elementor-widget-container\">\n\t\t\t\t\t\t\t\t\t<p>Randomly oriented bottles riding on a conveyor belt. Each bottle must be checked for the presence of a print, which is not always ideally oriented to the camera system.\u00a0 The camera system sorts the bottles according to the beer label - if it is a 10\u00b0 or 12\u00b0 beer.\u00a0 Each bottle is detected by the industrial camera, which automatically calculates the bottle coordinate system, by which it orients the quality control and locates the bottle neck. Here, it detects the filling of the bottle to prevent conditional beer from reaching the customer. For this application, extensions such as cap color detection, expiration check, print quality and many more are possible.&nbsp;<\/p>\t\t\t\t\t\t\t\t<\/div>\n\t\t\t\t<\/div>\n\t\t\t\t\t<\/div>\n\t\t<\/div>\n\t\t\t\t\t<\/div>\n\t\t<\/section>\n\t\t\t\t<section class=\"elementor-section elementor-top-section elementor-element elementor-element-f92b3b9 elementor-section-height-min-height elementor-section-boxed elementor-section-height-default elementor-section-items-middle\" data-id=\"f92b3b9\" data-element_type=\"section\">\n\t\t\t\t\t\t<div class=\"elementor-container elementor-column-gap-default\">\n\t\t\t\t\t<div class=\"elementor-column elementor-col-100 elementor-top-column elementor-element elementor-element-5eb3dc1\" data-id=\"5eb3dc1\" data-element_type=\"column\">\n\t\t\t<div class=\"elementor-widget-wrap elementor-element-populated\">\n\t\t\t\t\t\t<div class=\"elementor-element elementor-element-88a40bf elementor-widget elementor-widget-wb-before-after-image-slider-elementor\" data-id=\"88a40bf\" data-element_type=\"widget\" data-widget_type=\"wb-before-after-image-slider-elementor.default\">\n\t\t\t\t<div class=\"elementor-widget-container\">\n\t\t\t\t\t\t\t<div class=\"wb_ebais_twentytwenty_container twentytwenty-container\" id=\"wb_before_after_88a40bf\">\r\n\t\t\t<span class='before_text'>Before<\/span>\r\n\t\t\t<span class='after_text'>After<\/span>\r\n<img decoding=\"async\" width=\"1104\" height=\"828\" src=\"https:\/\/visimatic.cz\/wp-content\/uploads\/2021\/01\/01bez.png\" class=\"attachment-full size-full wp-image-1321\" alt=\"\" srcset=\"https:\/\/visimatic.cz\/wp-content\/uploads\/2021\/01\/01bez.png 1104w, https:\/\/visimatic.cz\/wp-content\/uploads\/2021\/01\/01bez-300x225.png 300w, https:\/\/visimatic.cz\/wp-content\/uploads\/2021\/01\/01bez-1024x768.png 1024w, https:\/\/visimatic.cz\/wp-content\/uploads\/2021\/01\/01bez-768x576.png 768w, https:\/\/visimatic.cz\/wp-content\/uploads\/2021\/01\/01bez-830x623.png 830w, https:\/\/visimatic.cz\/wp-content\/uploads\/2021\/01\/01bez-230x173.png 230w, https:\/\/visimatic.cz\/wp-content\/uploads\/2021\/01\/01bez-350x263.png 350w, https:\/\/visimatic.cz\/wp-content\/uploads\/2021\/01\/01bez-480x360.png 480w\" sizes=\"(max-width: 1104px) 100vw, 1104px\" title=\"\" loading=\"lazy\"><img decoding=\"async\" width=\"1104\" height=\"828\" src=\"https:\/\/visimatic.cz\/wp-content\/uploads\/2021\/01\/01s.png\" class=\"attachment-full size-full wp-image-1322\" alt=\"\" srcset=\"https:\/\/visimatic.cz\/wp-content\/uploads\/2021\/01\/01s.png 1104w, https:\/\/visimatic.cz\/wp-content\/uploads\/2021\/01\/01s-300x225.png 300w, https:\/\/visimatic.cz\/wp-content\/uploads\/2021\/01\/01s-1024x768.png 1024w, https:\/\/visimatic.cz\/wp-content\/uploads\/2021\/01\/01s-768x576.png 768w, https:\/\/visimatic.cz\/wp-content\/uploads\/2021\/01\/01s-830x623.png 830w, https:\/\/visimatic.cz\/wp-content\/uploads\/2021\/01\/01s-230x173.png 230w, https:\/\/visimatic.cz\/wp-content\/uploads\/2021\/01\/01s-350x263.png 350w, https:\/\/visimatic.cz\/wp-content\/uploads\/2021\/01\/01s-480x360.png 480w\" sizes=\"(max-width: 1104px) 100vw, 1104px\" title=\"\" loading=\"lazy\">\t\t<\/div>\r\n\t\t<style>\r\n\t\t\t#wb_before_after_88a40bf{\r\n\t\t\t\tmax-width: auto;\r\n\t\t\t}\r\n\t\t<\/style>\r\n\t\t\t\t<\/div>\n\t\t\t\t<\/div>\n\t\t\t\t\t<\/div>\n\t\t<\/div>\n\t\t\t\t\t<\/div>\n\t\t<\/section>\n\t\t\t\t<section class=\"elementor-section elementor-top-section elementor-element elementor-element-641d570 elementor-section-boxed elementor-section-height-default elementor-section-height-default\" data-id=\"641d570\" data-element_type=\"section\">\n\t\t\t\t\t\t<div class=\"elementor-container elementor-column-gap-default\">\n\t\t\t\t\t<div class=\"elementor-column elementor-col-100 elementor-top-column elementor-element elementor-element-ad7adef\" data-id=\"ad7adef\" data-element_type=\"column\">\n\t\t\t<div class=\"elementor-widget-wrap elementor-element-populated\">\n\t\t\t\t\t\t<div class=\"elementor-element elementor-element-79fcabe elementor-widget elementor-widget-text-editor\" data-id=\"79fcabe\" data-element_type=\"widget\" data-widget_type=\"text-editor.default\">\n\t\t\t\t<div class=\"elementor-widget-container\">\n\t\t\t\t\t\t\t\t\t<p><span style=\"color: #00102e; font-size: 18px; font-weight: 600; text-align: center;\">Zaujaly v\u00e1s mo\u017enosti t\u0159\u00edd\u011bn\u00ed v\u00fdrobk\u016f a cht\u011bli byste se dozv\u011bd\u011bt v\u00edce? Nev\u00e1hejte n\u00e1s\u00a0<\/span><a style=\"background-color: #ffffff; font-size: 18px; font-weight: 600; text-align: center;\" href=\"https:\/\/visimatic.cz\/en\/kontakt\/\">kontaktovat!<\/a><\/p>\t\t\t\t\t\t\t\t<\/div>\n\t\t\t\t<\/div>\n\t\t\t\t\t<\/div>\n\t\t<\/div>\n\t\t\t\t\t<\/div>\n\t\t<\/section>\n\t\t\t\t<\/div>","protected":false},"excerpt":{"rendered":"<p>T\u0159\u00edd\u011bn\u00ed v\u00fdrobk\u016f Kamerov\u00e9 syst\u00e9my nach\u00e1zej\u00ed\u00a0 uplatn\u011bn\u00ed i p\u0159i automatick\u00e9m t\u0159\u00edd\u011bn\u00ed v\u00fdrobk\u016f. T\u0159\u00edd\u011bn\u00ed m\u016f\u017ee prob\u00edhat na z\u00e1klad\u011b typu v\u00fdrobku: barva, logo, tvar, velikost [&hellip;]<\/p>","protected":false},"author":1,"featured_media":0,"parent":0,"menu_order":0,"comment_status":"closed","ping_status":"closed","template":"elementor_header_footer","meta":{"footnotes":""},"class_list":["post-479","page","type-page","status-publish","hentry"],"_links":{"self":[{"href":"https:\/\/visimatic.cz\/en\/wp-json\/wp\/v2\/pages\/479","targetHints":{"allow":["GET"]}}],"collection":[{"href":"https:\/\/visimatic.cz\/en\/wp-json\/wp\/v2\/pages"}],"about":[{"href":"https:\/\/visimatic.cz\/en\/wp-json\/wp\/v2\/types\/page"}],"author":[{"embeddable":true,"href":"https:\/\/visimatic.cz\/en\/wp-json\/wp\/v2\/users\/1"}],"replies":[{"embeddable":true,"href":"https:\/\/visimatic.cz\/en\/wp-json\/wp\/v2\/comments?post=479"}],"version-history":[{"count":97,"href":"https:\/\/visimatic.cz\/en\/wp-json\/wp\/v2\/pages\/479\/revisions"}],"predecessor-version":[{"id":3054,"href":"https:\/\/visimatic.cz\/en\/wp-json\/wp\/v2\/pages\/479\/revisions\/3054"}],"wp:attachment":[{"href":"https:\/\/visimatic.cz\/en\/wp-json\/wp\/v2\/media?parent=479"}],"curies":[{"name":"wp","href":"https:\/\/api.w.org\/{rel}","templated":true}]}}